{"id":148,"date":"2022-02-08T15:09:54","date_gmt":"2022-02-08T14:09:54","guid":{"rendered":"http:\/\/almconv.cluster030.hosting.ovh.net\/?page_id=148"},"modified":"2022-04-21T15:50:40","modified_gmt":"2022-04-21T13:50:40","slug":"nos-prestations","status":"publish","type":"page","link":"https:\/\/almconseil.fr\/index.php\/nos-prestations\/","title":{"rendered":"Nos prestations"},"content":{"rendered":"\n<h3 class=\"wp-block-heading\" id=\"nos-prestations\">NOS PRESTATIONS<\/h3>\n\n\n\n<div class=\"wp-block-group alignwide\"><div class=\"wp-block-group__inner-container is-layout-flow wp-block-group-is-layout-flow\">\n<div class=\"wp-block-columns alignwide is-layout-flex wp-container-core-columns-is-layout-9d6595d7 wp-block-columns-is-layout-flex\">\n<div class=\"wp-block-column is-layout-flow wp-block-column-is-layout-flow\">\n<p>Votre offre est-elle adapt\u00e9e aux <strong>besoins de vos clients<\/strong> ?<\/p>\n\n\n\n<p>Que se passe -t-il si votre offre n&rsquo;est <strong>pas suffisante<\/strong>, incompl\u00e8te et ne correspond pas totalement aux <strong>attentes de vos clients<\/strong> ?<\/p>\n\n\n\n<p>Les <strong>4 th\u00e9matiques de l&rsquo;accompagnement<\/strong> et les <strong>formations <\/strong>propos\u00e9es par ALM Conseil &amp; Audit :<\/p>\n<\/div>\n<\/div>\n<\/div><\/div>\n\n\n\n<div class=\"wp-block-columns alignwide is-layout-flex wp-container-core-columns-is-layout-9d6595d7 wp-block-columns-is-layout-flex\">\n<div class=\"wp-block-column is-layout-flow wp-block-column-is-layout-flow\">\n<div class=\"wp-block-image is-style-rounded\"><figure class=\"aligncenter size-medium is-resized\"><img loading=\"lazy\" decoding=\"async\" src=\"http:\/\/almconv.cluster030.hosting.ovh.net\/wp-content\/uploads\/2022\/02\/ALM-Prestations-01-Evaluons-Logo-300x300.jpg\" alt=\"\" class=\"wp-image-426\" width=\"200\" height=\"200\" srcset=\"https:\/\/almconseil.fr\/wp-content\/uploads\/2022\/02\/ALM-Prestations-01-Evaluons-Logo-300x300.jpg 300w, https:\/\/almconseil.fr\/wp-content\/uploads\/2022\/02\/ALM-Prestations-01-Evaluons-Logo-150x150.jpg 150w, https:\/\/almconseil.fr\/wp-content\/uploads\/2022\/02\/ALM-Prestations-01-Evaluons-Logo.jpg 400w\" sizes=\"auto, (max-width: 200px) 100vw, 200px\" \/><figcaption><strong>\u00c9VALUONS<\/strong><\/figcaption><\/figure><\/div>\n\n\n\n<div class=\"wp-block-buttons is-layout-flex wp-block-buttons-is-layout-flex\">\n<div class=\"wp-block-button aligncenter is-style-outline is-style-outline--1\"><a class=\"wp-block-button__link has-light-gray-color has-text-color\" href=\"\/index.php\/evaluons-votre-offre\">En savoir plus&#8230;<\/a><\/div>\n<\/div>\n<\/div>\n\n\n\n<div class=\"wp-block-column is-vertically-aligned-center is-layout-flow wp-block-column-is-layout-flow\">\n<div class=\"wp-block-image is-style-rounded\"><figure class=\"aligncenter size-full is-resized\"><img loading=\"lazy\" decoding=\"async\" src=\"http:\/\/almconv.cluster030.hosting.ovh.net\/wp-content\/uploads\/2022\/02\/ALM-Prestations-02-Developpons-Logo.jpg\" alt=\"\" class=\"wp-image-428\" width=\"200\" height=\"200\" srcset=\"https:\/\/almconseil.fr\/wp-content\/uploads\/2022\/02\/ALM-Prestations-02-Developpons-Logo.jpg 400w, https:\/\/almconseil.fr\/wp-content\/uploads\/2022\/02\/ALM-Prestations-02-Developpons-Logo-300x300.jpg 300w, https:\/\/almconseil.fr\/wp-content\/uploads\/2022\/02\/ALM-Prestations-02-Developpons-Logo-150x150.jpg 150w\" sizes=\"auto, (max-width: 200px) 100vw, 200px\" \/><figcaption><strong>D\u00c9VELOPPONS<\/strong><\/figcaption><\/figure><\/div>\n\n\n\n<div class=\"wp-block-buttons is-layout-flex wp-block-buttons-is-layout-flex\">\n<div class=\"wp-block-button aligncenter is-style-outline is-style-outline--2\"><a class=\"wp-block-button__link has-light-gray-color has-text-color\" href=\"\/index.php\/developpons-votre-offre\">En savoir plus&#8230;<\/a><\/div>\n<\/div>\n<\/div>\n\n\n\n<div class=\"wp-block-column is-layout-flow wp-block-column-is-layout-flow\">\n<div class=\"wp-block-image is-style-rounded\"><figure class=\"aligncenter size-full is-resized\"><img loading=\"lazy\" decoding=\"async\" src=\"http:\/\/almconv.cluster030.hosting.ovh.net\/wp-content\/uploads\/2022\/02\/ALM-Prestations-03-Securisons-Logo.jpg\" alt=\"\" class=\"wp-image-427\" width=\"200\" height=\"200\" srcset=\"https:\/\/almconseil.fr\/wp-content\/uploads\/2022\/02\/ALM-Prestations-03-Securisons-Logo.jpg 400w, https:\/\/almconseil.fr\/wp-content\/uploads\/2022\/02\/ALM-Prestations-03-Securisons-Logo-300x300.jpg 300w, https:\/\/almconseil.fr\/wp-content\/uploads\/2022\/02\/ALM-Prestations-03-Securisons-Logo-150x150.jpg 150w\" sizes=\"auto, (max-width: 200px) 100vw, 200px\" \/><figcaption><strong>S\u00c9CURISONS<\/strong><\/figcaption><\/figure><\/div>\n\n\n\n<div class=\"wp-block-buttons is-layout-flex wp-block-buttons-is-layout-flex\">\n<div class=\"wp-block-button aligncenter is-style-outline is-style-outline--3\"><a class=\"wp-block-button__link has-light-gray-color has-text-color\" href=\"\/index.php\/securisons-votre-offre\">En savoir plus&#8230;<\/a><\/div>\n<\/div>\n<\/div>\n\n\n\n<div class=\"wp-block-column is-layout-flow wp-block-column-is-layout-flow\">\n<div class=\"wp-block-image is-style-rounded\"><figure class=\"aligncenter size-full is-resized\"><img loading=\"lazy\" decoding=\"async\" src=\"http:\/\/almconv.cluster030.hosting.ovh.net\/wp-content\/uploads\/2022\/02\/ALM-Prestations-04-Proposons-Logo-3.jpg\" alt=\"\" class=\"wp-image-424\" width=\"200\" height=\"200\" srcset=\"https:\/\/almconseil.fr\/wp-content\/uploads\/2022\/02\/ALM-Prestations-04-Proposons-Logo-3.jpg 400w, https:\/\/almconseil.fr\/wp-content\/uploads\/2022\/02\/ALM-Prestations-04-Proposons-Logo-3-300x300.jpg 300w, https:\/\/almconseil.fr\/wp-content\/uploads\/2022\/02\/ALM-Prestations-04-Proposons-Logo-3-150x150.jpg 150w\" sizes=\"auto, (max-width: 200px) 100vw, 200px\" \/><figcaption><strong>PROPOSONS<\/strong><\/figcaption><\/figure><\/div>\n\n\n\n<div class=\"wp-block-buttons is-layout-flex wp-block-buttons-is-layout-flex\">\n<div class=\"wp-block-button aligncenter is-style-outline is-style-outline--4\"><a class=\"wp-block-button__link has-light-gray-color has-text-color\" href=\"\/index.php\/proposons-votre-nouvelle-offre\">En savoir plus&#8230;<\/a><\/div>\n<\/div>\n<\/div>\n\n\n\n<div class=\"wp-block-column is-layout-flow wp-block-column-is-layout-flow\">\n<div class=\"wp-block-image is-style-rounded\"><figure class=\"aligncenter size-full is-resized\"><img loading=\"lazy\" decoding=\"async\" src=\"http:\/\/almconv.cluster030.hosting.ovh.net\/wp-content\/uploads\/2022\/02\/ALM-Formations-4.jpg\" alt=\"\" class=\"wp-image-601\" width=\"200\" height=\"200\" srcset=\"https:\/\/almconseil.fr\/wp-content\/uploads\/2022\/02\/ALM-Formations-4.jpg 400w, https:\/\/almconseil.fr\/wp-content\/uploads\/2022\/02\/ALM-Formations-4-300x300.jpg 300w, https:\/\/almconseil.fr\/wp-content\/uploads\/2022\/02\/ALM-Formations-4-150x150.jpg 150w\" sizes=\"auto, (max-width: 200px) 100vw, 200px\" \/><figcaption><strong>FORMATIONS<\/strong><\/figcaption><\/figure><\/div>\n\n\n\n<div class=\"wp-block-buttons is-layout-flex wp-block-buttons-is-layout-flex\">\n<div class=\"wp-block-button aligncenter is-style-outline is-style-outline--5\"><a class=\"wp-block-button__link has-light-gray-color has-text-color\" href=\"\/index.php\/nos-formations\">En savoir plus&#8230;<\/a><\/div>\n<\/div>\n<\/div>\n<\/div>\n\n\n\n<div class=\"wp-block-columns alignwide is-layout-flex wp-container-core-columns-is-layout-9d6595d7 wp-block-columns-is-layout-flex\">\n<div class=\"wp-block-column is-layout-flow wp-block-column-is-layout-flow\">\n<div class=\"wp-block-group alignfull\"><div class=\"wp-block-group__inner-container is-layout-flow wp-block-group-is-layout-flow\">\n<h3 class=\"has-text-align-center wp-block-heading\"><strong>Objectifs : Boostez vos ventes et devenez LEADER sur le march\u00e9 de l&rsquo;analyse des BOISSONS !<\/strong><\/h3>\n\n\n\n<figure class=\"wp-block-image size-full agrandir-image is-style-default\"><img loading=\"lazy\" decoding=\"async\" width=\"1920\" height=\"942\" src=\"https:\/\/almconseil.fr\/wp-content\/uploads\/2022\/02\/ALM-Prestations-Recapitulatif-V2-3.jpg\" alt=\"\" class=\"wp-image-891\" srcset=\"https:\/\/almconseil.fr\/wp-content\/uploads\/2022\/02\/ALM-Prestations-Recapitulatif-V2-3.jpg 1920w, https:\/\/almconseil.fr\/wp-content\/uploads\/2022\/02\/ALM-Prestations-Recapitulatif-V2-3-300x147.jpg 300w, https:\/\/almconseil.fr\/wp-content\/uploads\/2022\/02\/ALM-Prestations-Recapitulatif-V2-3-1024x502.jpg 1024w, https:\/\/almconseil.fr\/wp-content\/uploads\/2022\/02\/ALM-Prestations-Recapitulatif-V2-3-768x377.jpg 768w, https:\/\/almconseil.fr\/wp-content\/uploads\/2022\/02\/ALM-Prestations-Recapitulatif-V2-3-1536x754.jpg 1536w, https:\/\/almconseil.fr\/wp-content\/uploads\/2022\/02\/ALM-Prestations-Recapitulatif-V2-3-1568x769.jpg 1568w\" sizes=\"auto, (max-width: 1920px) 100vw, 1920px\" \/><\/figure>\n<\/div><\/div>\n<\/div>\n<\/div>\n","protected":false},"excerpt":{"rendered":"<p>NOS PRESTATIONS Votre offre est-elle adapt\u00e9e aux besoins de vos clients ? Que se passe -t-il si votre offre n&rsquo;est pas suffisante, incompl\u00e8te et ne correspond pas totalement aux attentes de vos clients ? Les 4 th\u00e9matiques de l&rsquo;accompagnement et les formations propos\u00e9es par ALM Conseil &amp; Audit : Objectifs : Boostez vos ventes et &hellip; <\/p>\n<p class=\"link-more\"><a href=\"https:\/\/almconseil.fr\/index.php\/nos-prestations\/\" class=\"more-link\">Continuer la lecture <span class=\"screen-reader-text\"> \u00ab\u00a0Nos prestations\u00a0\u00bb<\/span><\/a><\/p>\n","protected":false},"author":1,"featured_media":0,"parent":0,"menu_order":0,"comment_status":"closed","ping_status":"closed","template":"","meta":{"disable_featured_image":false,"footnotes":""},"class_list":["post-148","page","type-page","status-publish","hentry","entry"],"_links":{"self":[{"href":"https:\/\/almconseil.fr\/index.php\/wp-json\/wp\/v2\/pages\/148","targetHints":{"allow":["GET"]}}],"collection":[{"href":"https:\/\/almconseil.fr\/index.php\/wp-json\/wp\/v2\/pages"}],"about":[{"href":"https:\/\/almconseil.fr\/index.php\/wp-json\/wp\/v2\/types\/page"}],"author":[{"embeddable":true,"href":"https:\/\/almconseil.fr\/index.php\/wp-json\/wp\/v2\/users\/1"}],"replies":[{"embeddable":true,"href":"https:\/\/almconseil.fr\/index.php\/wp-json\/wp\/v2\/comments?post=148"}],"version-history":[{"count":184,"href":"https:\/\/almconseil.fr\/index.php\/wp-json\/wp\/v2\/pages\/148\/revisions"}],"predecessor-version":[{"id":1375,"href":"https:\/\/almconseil.fr\/index.php\/wp-json\/wp\/v2\/pages\/148\/revisions\/1375"}],"wp:attachment":[{"href":"https:\/\/almconseil.fr\/index.php\/wp-json\/wp\/v2\/media?parent=148"}],"curies":[{"name":"wp","href":"https:\/\/api.w.org\/{rel}","templated":true}]}}