{"id":1366,"date":"2022-04-21T15:45:05","date_gmt":"2022-04-21T13:45:05","guid":{"rendered":"https:\/\/almconseil.fr\/?page_id=1366"},"modified":"2022-07-28T12:04:04","modified_gmt":"2022-07-28T10:04:04","slug":"nos-formations","status":"publish","type":"page","link":"https:\/\/almconseil.fr\/index.php\/nos-formations\/","title":{"rendered":"Nos formations"},"content":{"rendered":"\n<div class=\"wp-block-columns alignwide is-layout-flex wp-container-core-columns-is-layout-9d6595d7 wp-block-columns-is-layout-flex\">\n<div class=\"wp-block-column is-vertically-aligned-center is-layout-flow wp-block-column-is-layout-flow\" style=\"flex-basis:75%\">\n<div id=\"FORMATIONS\" class=\"wp-block-group\"><div class=\"wp-block-group__inner-container is-layout-flow wp-block-group-is-layout-flow\">\n<h3>Formations<\/h3>\n<p>Pour permettre \u00e0 vos collaborateurs une <strong>formation<\/strong> continue afin de d\u00e9velopper de <strong>nouvelles comp\u00e9tences<\/strong> ou de <strong>maintenir leurs connaissances<\/strong>, ALM Conseil &amp; Audit vous propose des formations inter et intra entreprise :<\/p>\n<p><strong>-Les exigences de la norme ISO\/IEC 17025 : 2017 <span style=\"color: #dabb7f;\"><a style=\"color: #dabb7f;\" href=\"\/wp-content\/uploads\/2022\/05\/ENR18-Rev-C-programme-de-formation-les-exigences-17025-canva.pdf\" target=\"_blank\" rel=\"noopener\">(Programme)<\/a><\/span><\/strong><\/p>\n<p><strong>-R\u00e9aliser l\u2019\u00e9valuation d\u2019un laboratoire d\u2019essais selon les exigences de la norme ISO\/IEC 17025 : 2017 <span style=\"color: #dabb7f;\"><a style=\"color: #dabb7f;\" href=\"\/wp-content\/uploads\/2022\/05\/ENR29-Rev-B-programme-de-formation-evaluation-selon-les-exigences-17025.pdf\" target=\"_blank\" rel=\"noopener\">(Programme)<\/a><\/span><\/strong><\/p>\n<p><strong>&#8211; D\u00e9couvrir les caract\u00e9ristiques qualitatifs et analytiques des boissons et les contextes de leurs contr\u00f4les <span style=\"color: #dabb7f;\"><a style=\"color: #dabb7f;\" href=\"\/wp-content\/uploads\/2022\/05\/ENR21-Rev-B-programme-de-formation-Vins-cidres-bieres-spiritueux-BSA-definitions-contextes-criteres-analytiques-reglementaires-et-qualitatifs.pdf\" target=\"_blank\" rel=\"noopener\">(Programme)<\/a><\/span><\/strong><\/p>\n<p><strong>&#8211; Initiation \u00e0 l&rsquo;audit interne d&rsquo;un laboratoire d&rsquo;essais et pr\u00e9sentation des exigences de la norme ISO\/IEC 17025 : 2017 <span style=\"color: #dabb7f;\"><a style=\"color: #dabb7f;\" href=\"\/wp-content\/uploads\/2022\/05\/ENR17-rev-C-programme-de-formation-initiation-audit-17025-canva.pdf\" target=\"_blank\" rel=\"noopener\">(Programme)<\/a><\/span><\/strong><\/p>\n<p>Ces formations sont <strong>personnalisables<\/strong> pour r\u00e9pondre \u00e0 vos besoins et probl\u00e9matiques et peuvent \u00eatre r\u00e9alis\u00e9es <strong>sur mesure<\/strong>.<\/p>\n<\/div><\/div>\n<\/div>\n\n\n\n<div class=\"wp-block-column is-vertically-aligned-center is-layout-flow wp-block-column-is-layout-flow\" style=\"flex-basis:25%\">\n<div class=\"wp-block-image is-style-rounded\"><figure class=\"aligncenter size-full\"><img loading=\"lazy\" decoding=\"async\" width=\"400\" height=\"400\" src=\"http:\/\/almconv.cluster030.hosting.ovh.net\/wp-content\/uploads\/2022\/02\/ALM-Formations-4.jpg\" alt=\"\" class=\"wp-image-601\" srcset=\"https:\/\/almconseil.fr\/wp-content\/uploads\/2022\/02\/ALM-Formations-4.jpg 400w, https:\/\/almconseil.fr\/wp-content\/uploads\/2022\/02\/ALM-Formations-4-300x300.jpg 300w, https:\/\/almconseil.fr\/wp-content\/uploads\/2022\/02\/ALM-Formations-4-150x150.jpg 150w\" sizes=\"auto, (max-width: 400px) 100vw, 400px\" \/><\/figure><\/div>\n<\/div>\n<\/div>\n\n\n\n<div class=\"wp-block-group alignwide\"><div class=\"wp-block-group__inner-container is-layout-flow wp-block-group-is-layout-flow\">\n<div class=\"wp-block-columns alignwide is-layout-flex wp-container-core-columns-is-layout-9d6595d7 wp-block-columns-is-layout-flex\">\n<div class=\"wp-block-column is-vertically-aligned-center is-layout-flow wp-block-column-is-layout-flow\" style=\"flex-basis:25%\">\n<figure class=\"wp-block-image size-full is-style-rounded\"><img loading=\"lazy\" decoding=\"async\" width=\"400\" height=\"400\" src=\"https:\/\/almconseil.fr\/wp-content\/uploads\/2022\/07\/icones-images-site-internet-temoignage-1-cropped.jpg\" alt=\"\" class=\"wp-image-1516\" srcset=\"https:\/\/almconseil.fr\/wp-content\/uploads\/2022\/07\/icones-images-site-internet-temoignage-1-cropped.jpg 400w, https:\/\/almconseil.fr\/wp-content\/uploads\/2022\/07\/icones-images-site-internet-temoignage-1-cropped-300x300.jpg 300w, https:\/\/almconseil.fr\/wp-content\/uploads\/2022\/07\/icones-images-site-internet-temoignage-1-cropped-150x150.jpg 150w\" sizes=\"auto, (max-width: 400px) 100vw, 400px\" \/><\/figure>\n<\/div>\n\n\n\n<div class=\"wp-block-column is-vertically-aligned-center is-layout-flow wp-block-column-is-layout-flow\" style=\"flex-basis:75%\">\n<div id=\"FORMATIONS\" class=\"wp-block-group\"><div class=\"wp-block-group__inner-container is-layout-flow wp-block-group-is-layout-flow\">\n<div class=\"wp-block-group\"><div class=\"wp-block-group__inner-container is-layout-flow wp-block-group-is-layout-flow\"><\/div><\/div>\n\n\n\n<h3>T\u00e9moignages<\/h3>\n<p><em>\u00ab\u00a0le point fort de la formation\u00a0: le checklist qui me permettra de suivre les diff\u00e9rents points pour un audit de contr\u00f4le\u00a0\u00bb Emilie <\/em><\/p>\n<p><em>\u00ab\u00a0Formatrice \u00e0 l\u2019\u00e9coute, \u00e9changes tr\u00e8s enrichissants, pistes d\u2019am\u00e9lioration donn\u00e9es en cours de formation avec des exemples concrets\u00a0\u00bb H\u00e9l\u00e8ne <\/em><\/p>\n<p>\u00a0<\/p>\n<p><em>\u00ab\u00a0Excellente formation\u00a0\ud83d\ude42 \u00e0 renouveler \u00e0 intervalle r\u00e9gulier\u00a0\u00bb Mickael <\/em><\/p>\n<p>\u00a0<\/p>\n<p><em>\u00ab les points de forts de ma formation : des explications claires et simples, des exemples concrets, une bonne participation, formation faite en pr\u00e9sentiel \u00bb, Val\u00e9rie <\/em><\/p>\n<\/div><\/div>\n<\/div>\n<\/div>\n<\/div><\/div>\n\n\n\n<div class=\"wp-block-buttons is-layout-flex wp-block-buttons-is-layout-flex\">\n<div class=\"wp-block-button is-style-outline is-style-outline--1\"><a class=\"wp-block-button__link has-light-gray-color has-text-color\" href=\"\/index.php\/nos-prestations\/\">Nos prestations<\/a><\/div>\n<\/div>\n","protected":false},"excerpt":{"rendered":"<p>T\u00e9moignages \u00ab\u00a0le point fort de la formation\u00a0: le checklist qui me permettra de suivre les diff\u00e9rents points pour un audit de contr\u00f4le\u00a0\u00bb Emilie \u00ab\u00a0Formatrice \u00e0 l\u2019\u00e9coute, \u00e9changes tr\u00e8s enrichissants, pistes d\u2019am\u00e9lioration donn\u00e9es en cours de formation avec des exemples concrets\u00a0\u00bb H\u00e9l\u00e8ne \u00a0 \u00ab\u00a0Excellente formation\u00a0\ud83d\ude42 \u00e0 renouveler \u00e0 intervalle r\u00e9gulier\u00a0\u00bb Mickael \u00a0 \u00ab les points de &hellip; <\/p>\n<p class=\"link-more\"><a href=\"https:\/\/almconseil.fr\/index.php\/nos-formations\/\" class=\"more-link\">Continuer la lecture <span class=\"screen-reader-text\"> \u00ab\u00a0Nos formations\u00a0\u00bb<\/span><\/a><\/p>\n","protected":false},"author":1,"featured_media":0,"parent":0,"menu_order":0,"comment_status":"closed","ping_status":"closed","template":"","meta":{"disable_featured_image":false,"footnotes":""},"class_list":["post-1366","page","type-page","status-publish","hentry","entry"],"_links":{"self":[{"href":"https:\/\/almconseil.fr\/index.php\/wp-json\/wp\/v2\/pages\/1366","targetHints":{"allow":["GET"]}}],"collection":[{"href":"https:\/\/almconseil.fr\/index.php\/wp-json\/wp\/v2\/pages"}],"about":[{"href":"https:\/\/almconseil.fr\/index.php\/wp-json\/wp\/v2\/types\/page"}],"author":[{"embeddable":true,"href":"https:\/\/almconseil.fr\/index.php\/wp-json\/wp\/v2\/users\/1"}],"replies":[{"embeddable":true,"href":"https:\/\/almconseil.fr\/index.php\/wp-json\/wp\/v2\/comments?post=1366"}],"version-history":[{"count":13,"href":"https:\/\/almconseil.fr\/index.php\/wp-json\/wp\/v2\/pages\/1366\/revisions"}],"predecessor-version":[{"id":1521,"href":"https:\/\/almconseil.fr\/index.php\/wp-json\/wp\/v2\/pages\/1366\/revisions\/1521"}],"wp:attachment":[{"href":"https:\/\/almconseil.fr\/index.php\/wp-json\/wp\/v2\/media?parent=1366"}],"curies":[{"name":"wp","href":"https:\/\/api.w.org\/{rel}","templated":true}]}}