{"id":1362,"date":"2022-04-21T15:41:39","date_gmt":"2022-04-21T13:41:39","guid":{"rendered":"https:\/\/almconseil.fr\/?page_id=1362"},"modified":"2022-05-20T10:03:18","modified_gmt":"2022-05-20T08:03:18","slug":"proposons-votre-nouvelle-offre","status":"publish","type":"page","link":"https:\/\/almconseil.fr\/index.php\/proposons-votre-nouvelle-offre\/","title":{"rendered":"Proposons votre nouvelle offre"},"content":{"rendered":"\n<div class=\"wp-block-columns alignwide is-layout-flex wp-container-core-columns-is-layout-9d6595d7 wp-block-columns-is-layout-flex\">\n<div class=\"wp-block-column is-vertically-aligned-center is-layout-flow wp-block-column-is-layout-flow\" style=\"flex-basis:25%\">\n<div class=\"wp-block-image is-style-rounded\"><figure class=\"alignleft size-full\"><img loading=\"lazy\" decoding=\"async\" width=\"400\" height=\"400\" src=\"http:\/\/almconv.cluster030.hosting.ovh.net\/wp-content\/uploads\/2022\/02\/ALM-Prestations-04-Proposons-Logo-3.jpg\" alt=\"\" class=\"wp-image-424\" srcset=\"https:\/\/almconseil.fr\/wp-content\/uploads\/2022\/02\/ALM-Prestations-04-Proposons-Logo-3.jpg 400w, https:\/\/almconseil.fr\/wp-content\/uploads\/2022\/02\/ALM-Prestations-04-Proposons-Logo-3-300x300.jpg 300w, https:\/\/almconseil.fr\/wp-content\/uploads\/2022\/02\/ALM-Prestations-04-Proposons-Logo-3-150x150.jpg 150w\" sizes=\"auto, (max-width: 400px) 100vw, 400px\" \/><\/figure><\/div>\n<\/div>\n\n\n\n<div class=\"wp-block-column is-vertically-aligned-center is-layout-flow wp-block-column-is-layout-flow\" style=\"flex-basis:75%\">\n<div id=\"PROPOSONS\" class=\"wp-block-group\"><div class=\"wp-block-group__inner-container is-layout-flow wp-block-group-is-layout-flow\">\n<h3>Th\u00e9matique 4 : Proposons votre nouvelle offre en toute s\u00e9r\u00e9nit\u00e9<\/h3>\n<p>Cette derni\u00e8re th\u00e9matique li\u00e9e \u00e0 l\u2019optimisation comprend&nbsp;:<\/p>\n<ul>\n<li>Une <strong>\u00e9tude des co\u00fbts<\/strong> : co\u00fbts de revient et prix de vente, &#8230;(benchmarking, \u00e9tude de march\u00e9, PR&#8230;);<\/li>\n<li>Des <strong>formations<\/strong> et accompagnement de l&rsquo;<strong>\u00e9quipe commerciale<\/strong> : pr\u00e9sentation compl\u00e8te de l&rsquo;offre (QQOQCCP) d&rsquo;un point de vue technique, r\u00e9glementaire et vente;<\/li>\n<li>Un accompagnement \u00e0 la <strong>promotion<\/strong> de votre nouvelle offre : documents commerciaux, RS&#8230;;<\/li>\n<li>La recherche de <strong>partenariat<\/strong>.<\/li>\n<\/ul>\n\n\n\n<div class=\"wp-block-buttons is-layout-flex wp-block-buttons-is-layout-flex\">\n<div class=\"wp-block-button is-style-outline is-style-outline--1\"><a class=\"wp-block-button__link has-light-gray-color has-text-color\" href=\"\/index.php\/securisons-votre-offre\">Th\u00e9matique pr\u00e9c\u00e9dente<\/a><\/div>\n\n\n\n<div class=\"wp-block-button is-style-outline is-style-outline--2\"><a class=\"wp-block-button__link has-light-gray-color has-text-color\" href=\"\/index.php\/nos-prestations\/\">Nos prestations<\/a><\/div>\n\n\n\n<div class=\"wp-block-button is-style-outline is-style-outline--3\"><a class=\"wp-block-button__link has-light-gray-color has-text-color\" href=\"\/index.php\/nos-formations\">Formations<\/a><\/div>\n<\/div>\n<\/div><\/div>\n<\/div>\n<\/div>\n","protected":false},"excerpt":{"rendered":"<p>Th\u00e9matique 4 : Proposons votre nouvelle offre en toute s\u00e9r\u00e9nit\u00e9 Cette derni\u00e8re th\u00e9matique li\u00e9e \u00e0 l\u2019optimisation comprend&nbsp;: Une \u00e9tude des co\u00fbts : co\u00fbts de revient et prix de vente, &#8230;(benchmarking, \u00e9tude de march\u00e9, PR&#8230;); Des formations et accompagnement de l&rsquo;\u00e9quipe commerciale : pr\u00e9sentation compl\u00e8te de l&rsquo;offre (QQOQCCP) d&rsquo;un point de vue technique, r\u00e9glementaire et vente; &hellip; <\/p>\n<p class=\"link-more\"><a href=\"https:\/\/almconseil.fr\/index.php\/proposons-votre-nouvelle-offre\/\" class=\"more-link\">Continuer la lecture <span class=\"screen-reader-text\"> \u00ab\u00a0Proposons votre nouvelle offre\u00a0\u00bb<\/span><\/a><\/p>\n","protected":false},"author":1,"featured_media":0,"parent":0,"menu_order":0,"comment_status":"closed","ping_status":"closed","template":"","meta":{"disable_featured_image":false,"footnotes":""},"class_list":["post-1362","page","type-page","status-publish","hentry","entry"],"_links":{"self":[{"href":"https:\/\/almconseil.fr\/index.php\/wp-json\/wp\/v2\/pages\/1362","targetHints":{"allow":["GET"]}}],"collection":[{"href":"https:\/\/almconseil.fr\/index.php\/wp-json\/wp\/v2\/pages"}],"about":[{"href":"https:\/\/almconseil.fr\/index.php\/wp-json\/wp\/v2\/types\/page"}],"author":[{"embeddable":true,"href":"https:\/\/almconseil.fr\/index.php\/wp-json\/wp\/v2\/users\/1"}],"replies":[{"embeddable":true,"href":"https:\/\/almconseil.fr\/index.php\/wp-json\/wp\/v2\/comments?post=1362"}],"version-history":[{"count":6,"href":"https:\/\/almconseil.fr\/index.php\/wp-json\/wp\/v2\/pages\/1362\/revisions"}],"predecessor-version":[{"id":1398,"href":"https:\/\/almconseil.fr\/index.php\/wp-json\/wp\/v2\/pages\/1362\/revisions\/1398"}],"wp:attachment":[{"href":"https:\/\/almconseil.fr\/index.php\/wp-json\/wp\/v2\/media?parent=1362"}],"curies":[{"name":"wp","href":"https:\/\/api.w.org\/{rel}","templated":true}]}}