{"id":1355,"date":"2022-04-21T15:31:34","date_gmt":"2022-04-21T13:31:34","guid":{"rendered":"https:\/\/almconseil.fr\/?page_id=1355"},"modified":"2022-05-20T09:28:06","modified_gmt":"2022-05-20T07:28:06","slug":"securisons-votre-offre","status":"publish","type":"page","link":"https:\/\/almconseil.fr\/index.php\/securisons-votre-offre\/","title":{"rendered":"S\u00e9curisons votre offre"},"content":{"rendered":"\n<h3 class=\"wp-block-heading\" id=\"SECURISONS\">Th\u00e9matique 3 : S\u00e9curisons votre offre<\/h3>\n\n\n\n<div class=\"wp-block-columns is-layout-flex wp-container-core-columns-is-layout-9d6595d7 wp-block-columns-is-layout-flex\">\n<div class=\"wp-block-column is-layout-flow wp-block-column-is-layout-flow\" style=\"flex-basis:15%\">\n<figure class=\"wp-block-image size-full is-resized is-style-rounded\"><img loading=\"lazy\" decoding=\"async\" src=\"http:\/\/almconv.cluster030.hosting.ovh.net\/wp-content\/uploads\/2022\/02\/Logo-ISO-17025-couleurs-ALM-fond-beige-3.jpg\" alt=\"\" class=\"wp-image-879\" width=\"140\" height=\"140\" srcset=\"https:\/\/almconseil.fr\/wp-content\/uploads\/2022\/02\/Logo-ISO-17025-couleurs-ALM-fond-beige-3.jpg 643w, https:\/\/almconseil.fr\/wp-content\/uploads\/2022\/02\/Logo-ISO-17025-couleurs-ALM-fond-beige-3-300x300.jpg 300w, https:\/\/almconseil.fr\/wp-content\/uploads\/2022\/02\/Logo-ISO-17025-couleurs-ALM-fond-beige-3-150x150.jpg 150w\" sizes=\"auto, (max-width: 140px) 100vw, 140px\" \/><\/figure>\n<\/div>\n\n\n\n<div class=\"wp-block-column is-layout-flow wp-block-column-is-layout-flow\" style=\"flex-basis:75%\">\n<p>Ce 3<sup>\u00e8me<\/sup> volet est une \u00e9tape cruciale et in\u00e9vitable pour proposer une offre de qualit\u00e9 et r\u00e9pondant aux <strong>exigences de la norme ISO\/IEC 17025<\/strong> :<\/p>\n<\/div>\n<\/div>\n\n\n\n<div class=\"wp-block-columns alignwide is-layout-flex wp-container-core-columns-is-layout-9d6595d7 wp-block-columns-is-layout-flex\">\n<div class=\"wp-block-column is-vertically-aligned-center is-layout-flow wp-block-column-is-layout-flow\" style=\"flex-basis:75%\">\n<ul>\n<li><strong>Validation des m\u00e9thodes<\/strong> selon les exigences de la norme ISO\/CEI 17025 et des r\u00e9f\u00e9rentiels concern\u00e9s par le param\u00e8tre d\u00e9velopp\u00e9 et\/ou la technique analytique utilis\u00e9e;<\/li>\n<li>R\u00e9alisation d&rsquo;<strong>AUDIT interne<\/strong> de votre laboratoire <strong>Qualit\u00e9, Technique<\/strong> et de la <strong>fonction m\u00e9trologie<\/strong> (un rapport complet et un <strong>suivi post \u00e9valuation<\/strong> sont propos\u00e9s : identification des points de progr\u00e8s, des points sensibles, plans d\u2019actions\u2026 );<\/li>\n<li>Int\u00e9gration de la nouvelle offre dans le syst\u00e8me de management de la qualit\u00e9 (SMQ) et <strong>accompagnement \u00e0 l&rsquo;accr\u00e9ditation<\/strong>;<\/li>\n<li>Mise \u00e0 disposition d\u2019une <strong>veille r\u00e9glementaire et documentaire<\/strong> trimestrielle.<\/li>\n<\/ul>\n<p>Dans cette 3\u00e8me th\u00e9matique, assurons la fiabilit\u00e9, la <strong>tra\u00e7abilit\u00e9<\/strong> de vos r\u00e9sultats d&rsquo;analyses et le respect des dispositions internes et des r\u00e9f\u00e9rentiels.<\/p>\n<p>Dans le cadre de l&rsquo;am\u00e9lioration continue, analysons les <strong>risques et opportunit\u00e9s<\/strong> de votre syst\u00e8me.<\/p>\n\n\n\n<div class=\"wp-block-buttons is-layout-flex wp-block-buttons-is-layout-flex\">\n<div class=\"wp-block-button is-style-outline is-style-outline--1\"><a class=\"wp-block-button__link has-light-gray-color has-text-color\" href=\"\/index.php\/developpons-votre-offre\">Th\u00e9matique pr\u00e9c\u00e9dente<\/a><\/div>\n\n\n\n<div class=\"wp-block-button is-style-outline is-style-outline--2\"><a class=\"wp-block-button__link has-light-gray-color has-text-color\" href=\"\/index.php\/proposons-votre-nouvelle-offre\">Th\u00e9matique suivante<\/a><\/div>\n\n\n\n<div class=\"wp-block-button is-style-outline is-style-outline--3\"><a class=\"wp-block-button__link has-light-gray-color has-text-color\" href=\"\/index.php\/nos-formations\">Formations<\/a><\/div>\n<\/div>\n<\/div>\n\n\n\n<div class=\"wp-block-column is-vertically-aligned-center is-layout-flow wp-block-column-is-layout-flow\" style=\"flex-basis:25%\">\n<div class=\"wp-block-image is-style-rounded\"><figure class=\"aligncenter size-full\"><img loading=\"lazy\" decoding=\"async\" width=\"400\" height=\"400\" src=\"http:\/\/almconv.cluster030.hosting.ovh.net\/wp-content\/uploads\/2022\/02\/ALM-Prestations-03-Securisons-Logo.jpg\" alt=\"\" class=\"wp-image-427\" srcset=\"https:\/\/almconseil.fr\/wp-content\/uploads\/2022\/02\/ALM-Prestations-03-Securisons-Logo.jpg 400w, https:\/\/almconseil.fr\/wp-content\/uploads\/2022\/02\/ALM-Prestations-03-Securisons-Logo-300x300.jpg 300w, https:\/\/almconseil.fr\/wp-content\/uploads\/2022\/02\/ALM-Prestations-03-Securisons-Logo-150x150.jpg 150w\" sizes=\"auto, (max-width: 400px) 100vw, 400px\" \/><\/figure><\/div>\n<\/div>\n<\/div>\n","protected":false},"excerpt":{"rendered":"<p>Th\u00e9matique 3 : S\u00e9curisons votre offre Ce 3\u00e8me volet est une \u00e9tape cruciale et in\u00e9vitable pour proposer une offre de qualit\u00e9 et r\u00e9pondant aux exigences de la norme ISO\/IEC 17025 : Validation des m\u00e9thodes selon les exigences de la norme ISO\/CEI 17025 et des r\u00e9f\u00e9rentiels concern\u00e9s par le param\u00e8tre d\u00e9velopp\u00e9 et\/ou la technique analytique utilis\u00e9e; &hellip; <\/p>\n<p class=\"link-more\"><a href=\"https:\/\/almconseil.fr\/index.php\/securisons-votre-offre\/\" class=\"more-link\">Continuer la lecture <span class=\"screen-reader-text\"> \u00ab\u00a0S\u00e9curisons votre offre\u00a0\u00bb<\/span><\/a><\/p>\n","protected":false},"author":1,"featured_media":0,"parent":0,"menu_order":0,"comment_status":"closed","ping_status":"closed","template":"","meta":{"disable_featured_image":false,"footnotes":""},"class_list":["post-1355","page","type-page","status-publish","hentry","entry"],"_links":{"self":[{"href":"https:\/\/almconseil.fr\/index.php\/wp-json\/wp\/v2\/pages\/1355","targetHints":{"allow":["GET"]}}],"collection":[{"href":"https:\/\/almconseil.fr\/index.php\/wp-json\/wp\/v2\/pages"}],"about":[{"href":"https:\/\/almconseil.fr\/index.php\/wp-json\/wp\/v2\/types\/page"}],"author":[{"embeddable":true,"href":"https:\/\/almconseil.fr\/index.php\/wp-json\/wp\/v2\/users\/1"}],"replies":[{"embeddable":true,"href":"https:\/\/almconseil.fr\/index.php\/wp-json\/wp\/v2\/comments?post=1355"}],"version-history":[{"count":5,"href":"https:\/\/almconseil.fr\/index.php\/wp-json\/wp\/v2\/pages\/1355\/revisions"}],"predecessor-version":[{"id":1384,"href":"https:\/\/almconseil.fr\/index.php\/wp-json\/wp\/v2\/pages\/1355\/revisions\/1384"}],"wp:attachment":[{"href":"https:\/\/almconseil.fr\/index.php\/wp-json\/wp\/v2\/media?parent=1355"}],"curies":[{"name":"wp","href":"https:\/\/api.w.org\/{rel}","templated":true}]}}