{"id":1336,"date":"2022-04-21T14:56:20","date_gmt":"2022-04-21T12:56:20","guid":{"rendered":"https:\/\/almconseil.fr\/?page_id=1336"},"modified":"2022-05-20T10:03:08","modified_gmt":"2022-05-20T08:03:08","slug":"evaluons-votre-offre","status":"publish","type":"page","link":"https:\/\/almconseil.fr\/index.php\/evaluons-votre-offre\/","title":{"rendered":"Evaluons votre offre"},"content":{"rendered":"\n<div class=\"wp-block-columns alignwide is-layout-flex wp-container-core-columns-is-layout-9d6595d7 wp-block-columns-is-layout-flex\">\n<div class=\"wp-block-column is-vertically-aligned-center is-layout-flow wp-block-column-is-layout-flow\" style=\"flex-basis:75%\">\n<div id=\"EVALUONS\" class=\"wp-block-group\"><div class=\"wp-block-group__inner-container is-layout-flow wp-block-group-is-layout-flow\">\n<h3>Th\u00e9matique 1 : Evaluons votre offre<\/h3>\n<p><\/p>\n<p>R\u00e9alisons un <strong>diagnostic de votre offre<\/strong>&nbsp;: Votre offre est-elle adapt\u00e9e aux besoins clients ?<\/p>\n<p><\/p>\n<p>Dans cette premi\u00e8re partie de l&rsquo;accompagnement&nbsp;:<\/p>\n<ul>\n<li>Elaborons sur votre offre analytique afin qu&rsquo;elle corresponde aux besoins r\u00e9els de vos clients et de la r\u00e9glementation;<\/li>\n<li>D\u00e9finissons une <strong>offre analytique adapt\u00e9e<\/strong> \u00e0 vos clients, \u00e0 la <strong>r\u00e9glementation<\/strong>, \u00e0 vos objectifs, vos besoins et <strong>votre savoir-faire<\/strong> et mettons en place un <strong>plan d&rsquo;action<\/strong>.<\/li>\n<\/ul>\n<p>Une premi\u00e8re \u00e9tape indispensable pour devenir <strong>LEADER<\/strong> sur le march\u00e9 de l&rsquo;analyse des <strong>boissons<\/strong>.<\/p>\n\n\n\n<div class=\"wp-block-buttons is-layout-flex wp-block-buttons-is-layout-flex\">\n<div class=\"wp-block-button is-style-outline is-style-outline--1\"><a class=\"wp-block-button__link has-light-gray-color has-text-color\" href=\"\/index.php\/nos-prestations\/\">Nos prestations<\/a><\/div>\n\n\n\n<div class=\"wp-block-button is-style-outline is-style-outline--2\"><a class=\"wp-block-button__link has-light-gray-color has-text-color\" href=\"\/index.php\/developpons-votre-offre\">Th\u00e9matique suivante<\/a><\/div>\n\n\n\n<div class=\"wp-block-button is-style-outline is-style-outline--3\"><a class=\"wp-block-button__link has-light-gray-color has-text-color\" href=\"\/index.php\/nos-formations\">Formations<\/a><\/div>\n<\/div>\n<\/div><\/div>\n<\/div>\n\n\n\n<div class=\"wp-block-column is-vertically-aligned-center is-layout-flow wp-block-column-is-layout-flow\" style=\"flex-basis:25%\">\n<div class=\"wp-block-image is-style-rounded\"><figure class=\"aligncenter size-full is-resized\"><img loading=\"lazy\" decoding=\"async\" src=\"http:\/\/almconv.cluster030.hosting.ovh.net\/wp-content\/uploads\/2022\/02\/ALM-Prestations-01-Evaluons-Logo.jpg\" alt=\"\" class=\"wp-image-426\" width=\"300\" height=\"300\" srcset=\"https:\/\/almconseil.fr\/wp-content\/uploads\/2022\/02\/ALM-Prestations-01-Evaluons-Logo.jpg 400w, https:\/\/almconseil.fr\/wp-content\/uploads\/2022\/02\/ALM-Prestations-01-Evaluons-Logo-300x300.jpg 300w, https:\/\/almconseil.fr\/wp-content\/uploads\/2022\/02\/ALM-Prestations-01-Evaluons-Logo-150x150.jpg 150w\" sizes=\"auto, (max-width: 300px) 100vw, 300px\" \/><\/figure><\/div>\n<\/div>\n<\/div>\n","protected":false},"excerpt":{"rendered":"<p>Th\u00e9matique 1 : Evaluons votre offre R\u00e9alisons un diagnostic de votre offre&nbsp;: Votre offre est-elle adapt\u00e9e aux besoins clients ? Dans cette premi\u00e8re partie de l&rsquo;accompagnement&nbsp;: Elaborons sur votre offre analytique afin qu&rsquo;elle corresponde aux besoins r\u00e9els de vos clients et de la r\u00e9glementation; D\u00e9finissons une offre analytique adapt\u00e9e \u00e0 vos clients, \u00e0 la r\u00e9glementation, &hellip; <\/p>\n<p class=\"link-more\"><a href=\"https:\/\/almconseil.fr\/index.php\/evaluons-votre-offre\/\" class=\"more-link\">Continuer la lecture <span class=\"screen-reader-text\"> \u00ab\u00a0Evaluons votre offre\u00a0\u00bb<\/span><\/a><\/p>\n","protected":false},"author":1,"featured_media":0,"parent":0,"menu_order":0,"comment_status":"closed","ping_status":"closed","template":"","meta":{"disable_featured_image":false,"footnotes":""},"class_list":["post-1336","page","type-page","status-publish","hentry","entry"],"_links":{"self":[{"href":"https:\/\/almconseil.fr\/index.php\/wp-json\/wp\/v2\/pages\/1336","targetHints":{"allow":["GET"]}}],"collection":[{"href":"https:\/\/almconseil.fr\/index.php\/wp-json\/wp\/v2\/pages"}],"about":[{"href":"https:\/\/almconseil.fr\/index.php\/wp-json\/wp\/v2\/types\/page"}],"author":[{"embeddable":true,"href":"https:\/\/almconseil.fr\/index.php\/wp-json\/wp\/v2\/users\/1"}],"replies":[{"embeddable":true,"href":"https:\/\/almconseil.fr\/index.php\/wp-json\/wp\/v2\/comments?post=1336"}],"version-history":[{"count":10,"href":"https:\/\/almconseil.fr\/index.php\/wp-json\/wp\/v2\/pages\/1336\/revisions"}],"predecessor-version":[{"id":1397,"href":"https:\/\/almconseil.fr\/index.php\/wp-json\/wp\/v2\/pages\/1336\/revisions\/1397"}],"wp:attachment":[{"href":"https:\/\/almconseil.fr\/index.php\/wp-json\/wp\/v2\/media?parent=1336"}],"curies":[{"name":"wp","href":"https:\/\/api.w.org\/{rel}","templated":true}]}}