{"id":12,"date":"2022-02-07T16:40:22","date_gmt":"2022-02-07T15:40:22","guid":{"rendered":"http:\/\/almconv.cluster030.hosting.ovh.net\/?page_id=12"},"modified":"2022-02-22T16:16:48","modified_gmt":"2022-02-22T15:16:48","slug":"contact","status":"publish","type":"page","link":"https:\/\/almconseil.fr\/index.php\/contact\/","title":{"rendered":"Contact"},"content":{"rendered":"\n<div class=\"wp-block-group alignwide\"><div class=\"wp-block-group__inner-container is-layout-flow wp-block-group-is-layout-flow\">\n<div class=\"wp-block-columns alignfull is-layout-flex wp-container-core-columns-is-layout-9d6595d7 wp-block-columns-is-layout-flex\">\n<div class=\"wp-block-column is-layout-flow wp-block-column-is-layout-flow\" style=\"flex-basis:40%\">\n<div class=\"wp-block-image is-style-rounded\"><figure class=\"aligncenter size-full is-resized\"><img loading=\"lazy\" decoding=\"async\" src=\"http:\/\/almconv.cluster030.hosting.ovh.net\/wp-content\/uploads\/2022\/02\/Logo-ALM-rond-fond-marron-fonce-01.png\" alt=\"\" class=\"wp-image-990\" width=\"350\" height=\"350\" srcset=\"https:\/\/almconseil.fr\/wp-content\/uploads\/2022\/02\/Logo-ALM-rond-fond-marron-fonce-01.png 569w, https:\/\/almconseil.fr\/wp-content\/uploads\/2022\/02\/Logo-ALM-rond-fond-marron-fonce-01-300x300.png 300w, https:\/\/almconseil.fr\/wp-content\/uploads\/2022\/02\/Logo-ALM-rond-fond-marron-fonce-01-150x150.png 150w\" sizes=\"auto, (max-width: 350px) 100vw, 350px\" \/><\/figure><\/div>\n\n\n\n<h4 class=\"has-text-align-center wp-block-heading\" id=\"la-qualite-de-vos-prestations-et-la-satisfaction-de-vos-clients-sont-au-coeur-de-vos-preoccupations-prenons-le-temps-d-en-discuter\">La Qualit\u00e9 de vos prestations et la satisfaction de vos clients sont au c\u0153ur de vos pr\u00e9occupations&nbsp;? Prenons le temps d&rsquo;en discuter !<\/h4>\n<\/div>\n\n\n\n<div class=\"wp-block-column is-layout-flow wp-block-column-is-layout-flow\"><div class=\"wpforms-container wpforms-container-full\" id=\"wpforms-111\"><form id=\"wpforms-form-111\" class=\"wpforms-validate wpforms-form wpforms-ajax-form\" data-formid=\"111\" method=\"post\" enctype=\"multipart\/form-data\" action=\"\/index.php\/wp-json\/wp\/v2\/pages\/12\" data-token=\"e1585324df178961362a6246a515e485\"><div class=\"wpforms-head-container\"><div class=\"wpforms-title\">NOUS CONTACTER<\/div><\/div><noscript class=\"wpforms-error-noscript\">Veuillez activer JavaScript dans votre navigateur pour remplir ce formulaire.<\/noscript><div class=\"wpforms-field-container\"><div id=\"wpforms-111-field_0-container\" class=\"wpforms-field wpforms-field-name\" data-field-id=\"0\"><label class=\"wpforms-field-label\" for=\"wpforms-111-field_0\">Nom <span class=\"wpforms-required-label\">*<\/span><\/label><input type=\"text\" id=\"wpforms-111-field_0\" class=\"wpforms-field-medium wpforms-field-required\" name=\"wpforms[fields][0]\" required><\/div><div id=\"wpforms-111-field_1-container\" class=\"wpforms-field wpforms-field-email\" data-field-id=\"1\"><label class=\"wpforms-field-label\" for=\"wpforms-111-field_1\">Email <span class=\"wpforms-required-label\">*<\/span><\/label><input type=\"email\" id=\"wpforms-111-field_1\" class=\"wpforms-field-medium wpforms-field-required\" name=\"wpforms[fields][1]\" required><\/div><div id=\"wpforms-111-field_2-container\" class=\"wpforms-field wpforms-field-textarea\" data-field-id=\"2\"><label class=\"wpforms-field-label\" for=\"wpforms-111-field_2\">Commentaire ou message <span class=\"wpforms-required-label\">*<\/span><\/label><textarea id=\"wpforms-111-field_2\" class=\"wpforms-field-medium wpforms-field-required\" name=\"wpforms[fields][2]\" required><\/textarea><div class=\"wpforms-field-description\">Les informations recueillies \u00e0 partir de ce formulaire font l\u2019objet d\u2019un traitement informatique destin\u00e9 \u00e0 ALM Conseil & Audit aux fins de traitement de votre demande de contact et de prospection commerciale. Ces donn\u00e9es seront conserv\u00e9es pendant trois ans \u00e0 compter de la date de votre dernier contact.\r\nLes champs identifi\u00e9s par un ast\u00e9risque portent sur des informations obligatoires. A d\u00e9faut de les renseigner, votre demande de contact ne pourra pas \u00eatre trait\u00e9e. Vous disposez sur ces informations nominatives vous concernant d\u2019un droit d\u2019acc\u00e8s, de rectification, de portabilit\u00e9, d\u2019effacement de celles-ci, de limitation et d\u2019opposition \u00e0 leur traitement ainsi que du droit de d\u00e9finir des directives g\u00e9n\u00e9rales et particuli\u00e8res d\u00e9finissant la mani\u00e8re dont vous entendez que soient exerc\u00e9s ces droits apr\u00e8s votre d\u00e9c\u00e8s. Vous pouvez exercer vos droits en vous adressant \u00e0 ALM Conseil & Audit par e-mail :\r\nalm@almconseil.fr ou par courrier\u00a0: 12 rue Georges Guynemer 49300 Cholet.\r\nPour plus d\u2019informations sur vos droits, veuillez consulter notre\u00a0Politique de traitement des donn\u00e9es personnelles (lien en bas de page).\r\nVous avez la possibilit\u00e9 d\u2019introduire une r\u00e9clamation aupr\u00e8s de la CNIL.<\/div><\/div><\/div><div class=\"wpforms-recaptcha-container wpforms-is-recaptcha\"><div class=\"g-recaptcha\" data-sitekey=\"6Lcwo5UeAAAAAIMhXgrS8pHLGKyuOTFpo0M8sJXV\"><\/div><input type=\"text\" name=\"g-recaptcha-hidden\" class=\"wpforms-recaptcha-hidden\" style=\"position:absolute!important;clip:rect(0,0,0,0)!important;height:1px!important;width:1px!important;border:0!important;overflow:hidden!important;padding:0!important;margin:0!important;\" required><\/div><div class=\"wpforms-submit-container\"><input type=\"hidden\" name=\"wpforms[id]\" value=\"111\"><input type=\"hidden\" name=\"wpforms[author]\" value=\"1\"><button type=\"submit\" name=\"wpforms[submit]\" id=\"wpforms-submit-111\" class=\"wpforms-submit\" data-alt-text=\"En cours d&#039;envoi...\" data-submit-text=\"Envoyer\" aria-live=\"assertive\" value=\"wpforms-submit\">Envoyer<\/button><img loading=\"lazy\" decoding=\"async\" src=\"https:\/\/almconseil.fr\/wp-content\/plugins\/wpforms-lite\/assets\/images\/submit-spin.svg\" class=\"wpforms-submit-spinner\" style=\"display: none;\" width=\"26\" height=\"26\" alt=\"\"><\/div><\/form><\/div>  <!-- .wpforms-container --><\/div>\n<\/div>\n<\/div><\/div>\n","protected":false},"excerpt":{"rendered":"<p>La Qualit\u00e9 de vos prestations et la satisfaction de vos clients sont au c\u0153ur de vos pr\u00e9occupations&nbsp;? Prenons le temps d&rsquo;en discuter !<\/p>\n","protected":false},"author":1,"featured_media":0,"parent":0,"menu_order":0,"comment_status":"closed","ping_status":"closed","template":"","meta":{"disable_featured_image":false,"footnotes":""},"class_list":["post-12","page","type-page","status-publish","hentry","entry"],"_links":{"self":[{"href":"https:\/\/almconseil.fr\/index.php\/wp-json\/wp\/v2\/pages\/12","targetHints":{"allow":["GET"]}}],"collection":[{"href":"https:\/\/almconseil.fr\/index.php\/wp-json\/wp\/v2\/pages"}],"about":[{"href":"https:\/\/almconseil.fr\/index.php\/wp-json\/wp\/v2\/types\/page"}],"author":[{"embeddable":true,"href":"https:\/\/almconseil.fr\/index.php\/wp-json\/wp\/v2\/users\/1"}],"replies":[{"embeddable":true,"href":"https:\/\/almconseil.fr\/index.php\/wp-json\/wp\/v2\/comments?post=12"}],"version-history":[{"count":32,"href":"https:\/\/almconseil.fr\/index.php\/wp-json\/wp\/v2\/pages\/12\/revisions"}],"predecessor-version":[{"id":1059,"href":"https:\/\/almconseil.fr\/index.php\/wp-json\/wp\/v2\/pages\/12\/revisions\/1059"}],"wp:attachment":[{"href":"https:\/\/almconseil.fr\/index.php\/wp-json\/wp\/v2\/media?parent=12"}],"curies":[{"name":"wp","href":"https:\/\/api.w.org\/{rel}","templated":true}]}}