{"id":11,"date":"2022-02-07T16:40:22","date_gmt":"2022-02-07T15:40:22","guid":{"rendered":"http:\/\/almconv.cluster030.hosting.ovh.net\/?page_id=11"},"modified":"2025-01-15T16:20:54","modified_gmt":"2025-01-15T15:20:54","slug":"votre-consultante","status":"publish","type":"page","link":"https:\/\/almconseil.fr\/index.php\/votre-consultante\/","title":{"rendered":"Votre consultante"},"content":{"rendered":"\n<h3 class=\"wp-block-heading\" id=\"anne-lise-arriau-consultante-independante-en-conseil-audit\">Consultante ind\u00e9pendante aupr\u00e8s des laboratoires d&rsquo;analyses agro-alimentaires<\/h3>\n\n\n\n<div class=\"wp-block-group alignwide\"><div class=\"wp-block-group__inner-container is-layout-flow wp-block-group-is-layout-flow\">\n<div class=\"wp-block-columns alignfull is-layout-flex wp-container-core-columns-is-layout-9d6595d7 wp-block-columns-is-layout-flex\">\n<div class=\"wp-block-column is-layout-flow wp-block-column-is-layout-flow\" style=\"flex-basis:30%\"><div class=\"wp-block-image is-style-rounded\">\n<figure class=\"aligncenter size-full is-resized\"><a href=\"https:\/\/www.linkedin.com\/in\/anne-lise-arriau-maillet-alm-conseil-et-audit\/\" target=\"_blank\" rel=\"noopener\"><img loading=\"lazy\" decoding=\"async\" width=\"500\" height=\"500\" src=\"http:\/\/almconv.cluster030.hosting.ovh.net\/wp-content\/uploads\/2022\/02\/Anne-Lise-photo-profil.jpg\" alt=\"\" class=\"wp-image-57\" style=\"width:500px;height:500px\" srcset=\"https:\/\/almconseil.fr\/wp-content\/uploads\/2022\/02\/Anne-Lise-photo-profil.jpg 500w, https:\/\/almconseil.fr\/wp-content\/uploads\/2022\/02\/Anne-Lise-photo-profil-300x300.jpg 300w, https:\/\/almconseil.fr\/wp-content\/uploads\/2022\/02\/Anne-Lise-photo-profil-150x150.jpg 150w\" sizes=\"auto, (max-width: 500px) 100vw, 500px\" \/><\/a><figcaption class=\"wp-element-caption\">Anne-Lise ARRIAU-MAILLET<\/figcaption><\/figure>\n<\/div><\/div>\n\n\n\n<div class=\"wp-block-column is-layout-flow wp-block-column-is-layout-flow\" style=\"flex-basis:65%\">\n<p>Consultante de terrain et dipl\u00f4m\u00e9e de l\u2019Universit\u00e9 de Paris-Saclay (DESS Instrumentation et M\u00e9thodes D\u2019analyses Mol\u00e9culaires) , je vous guide et vous accompagne dans vos projets d\u2019<strong>optimisation<\/strong> de la <strong>performance<\/strong> de votre laboratoire.<\/p>\n<p>Les <strong>\u00e9tapes cl\u00e9s<\/strong> de mon parcours professionnel :<\/p>\n<ul>\n<li><strong>Fondatrice<\/strong> et G\u00e9rante de la SARL <strong>ALM Conseil &amp; Audit<\/strong><\/li>\n<\/ul>\n<p>&nbsp; &nbsp;<span style=\"color: #808080;\"> Depuis mai 2021<\/span><\/p>\n<ul>\n<li><strong>Directrice g\u00e9n\u00e9rale<\/strong> des Laboratoires OCEANIA (Laboratoire d\u2019analyses des <strong>boissons alcoolis\u00e9es et non alcoolis\u00e9es accr\u00e9dit\u00e9<\/strong>)<\/li>\n<\/ul>\n<p>&nbsp; &nbsp;<span style=\"color: #808080;\"> De novembre 2015 \u00e0 mars 2021&nbsp; \u2013 Direction de 2 sites : 49-44<\/span><\/p>\n<ul>\n<li><strong>Directrice adjointe<\/strong> des Laboratoires OCEANIA&nbsp;:<\/li>\n<\/ul>\n<p>&nbsp; <span style=\"color: #808080;\">&nbsp; De janvier 2014 \u00e0 novembre 2015<\/span><\/p>\n<ul>\n<li><strong>Responsable R&amp;D &#8211; Charg\u00e9es d&rsquo;Affaires<\/strong> &#8211; Laboratoires OCEANIA<\/li>\n<\/ul>\n<p>&nbsp; <span style=\"color: #808080;\">&nbsp; De septembre 2004 \u00e0 janvier 2014<\/span><\/p>\n<\/p>\n<\/div>\n<\/div>\n<\/div><\/div>\n\n\n\n<div class=\"wp-block-group alignwide\"><div class=\"wp-block-group__inner-container is-layout-flow wp-block-group-is-layout-flow\">\n<div class=\"wp-block-columns alignfull is-layout-flex wp-container-core-columns-is-layout-9d6595d7 wp-block-columns-is-layout-flex\">\n<div class=\"wp-block-column is-layout-flow wp-block-column-is-layout-flow\" style=\"flex-basis:60%\">\n<p>Gr\u00e2ce \u00e0 mon expertise et mon exp\u00e9rience, je vous assiste dans la <strong>croissance<\/strong> et l\u2019<strong>optimisation<\/strong> de la performance de votre laboratoire :<\/p>\n<p>-R\u00e9alisation d\u2019<strong>audits internes Qualit\u00e9<\/strong>, Techniques et de la <strong>fonction M\u00e9trologie<\/strong> (allerg\u00e8nes, LAB GTA 78 (vins, spiritueux, bi\u00e8res, cidres\u2026), LAB GTA 25\/118 (composition et \u00e9tiquetage nutritionnel), LAB GTA 21 (mycotoxines)\u2026<\/p>\n<p>-Formation de l\u2019<strong>\u00e9quipe commerciale <\/strong>sur l\u2019offre propos\u00e9e par votre laboratoire (aspects techniques, <strong>r\u00e8glementaires<\/strong>\u2026)<\/p>\n<\/div>\n\n\n\n<div class=\"wp-block-column is-vertically-aligned-top is-layout-flow wp-block-column-is-layout-flow\" style=\"flex-basis:40%\"><div class=\"wp-block-image is-style-rounded\">\n<figure class=\"aligncenter size-large\"><img loading=\"lazy\" decoding=\"async\" width=\"1024\" height=\"576\" src=\"http:\/\/almconv.cluster030.hosting.ovh.net\/wp-content\/uploads\/2022\/02\/photo-femme-laboratoire-02-1024x576.jpg\" alt=\"\" class=\"wp-image-923\" srcset=\"https:\/\/almconseil.fr\/wp-content\/uploads\/2022\/02\/photo-femme-laboratoire-02-1024x576.jpg 1024w, https:\/\/almconseil.fr\/wp-content\/uploads\/2022\/02\/photo-femme-laboratoire-02-300x169.jpg 300w, https:\/\/almconseil.fr\/wp-content\/uploads\/2022\/02\/photo-femme-laboratoire-02-768x432.jpg 768w, https:\/\/almconseil.fr\/wp-content\/uploads\/2022\/02\/photo-femme-laboratoire-02-1536x864.jpg 1536w, https:\/\/almconseil.fr\/wp-content\/uploads\/2022\/02\/photo-femme-laboratoire-02-1568x882.jpg 1568w, https:\/\/almconseil.fr\/wp-content\/uploads\/2022\/02\/photo-femme-laboratoire-02.jpg 1920w\" sizes=\"auto, (max-width: 1024px) 100vw, 1024px\" \/><\/figure>\n<\/div><\/div>\n<\/div>\n<\/div><\/div>\n\n\n\n<div class=\"wp-block-group alignwide\"><div class=\"wp-block-group__inner-container is-layout-flow wp-block-group-is-layout-flow\">\n<div class=\"wp-block-columns alignfull is-layout-flex wp-container-core-columns-is-layout-9d6595d7 wp-block-columns-is-layout-flex\">\n<div class=\"wp-block-column is-vertically-aligned-top is-layout-flow wp-block-column-is-layout-flow\" style=\"flex-basis:40%\"><div class=\"wp-block-image is-style-rounded\">\n<figure class=\"aligncenter size-full\"><img loading=\"lazy\" decoding=\"async\" width=\"802\" height=\"535\" src=\"http:\/\/almconv.cluster030.hosting.ovh.net\/wp-content\/uploads\/2022\/02\/photo-femme-laboratoire-01-NB.jpg\" alt=\"\" class=\"wp-image-941\" srcset=\"https:\/\/almconseil.fr\/wp-content\/uploads\/2022\/02\/photo-femme-laboratoire-01-NB.jpg 802w, https:\/\/almconseil.fr\/wp-content\/uploads\/2022\/02\/photo-femme-laboratoire-01-NB-300x200.jpg 300w, https:\/\/almconseil.fr\/wp-content\/uploads\/2022\/02\/photo-femme-laboratoire-01-NB-768x512.jpg 768w\" sizes=\"auto, (max-width: 802px) 100vw, 802px\" \/><\/figure>\n<\/div><\/div>\n\n\n\n<div class=\"wp-block-column is-layout-flow wp-block-column-is-layout-flow\" style=\"flex-basis:60%\">\n<p>-D\u00e9veloppement et diversification de votre offre analytique (<strong>R&amp;D<\/strong>, transfert, <strong>validation et optimisation de m\u00e9thodes<\/strong>)<\/p>\n<p>-Mise en place de l\u2019<strong>accr\u00e9ditation<\/strong> sur de nouveaux domaines d\u2019activit\u00e9s et gestion de l\u2019am\u00e9lioration continue (identification des risques et opportunit\u00e9s, gestion des plans d\u2019actions, r\u00e9alisation de la <strong>veille documentaire<\/strong>\u2026)<\/p>\n<p>-Cr\u00e9ation et la mise en place d\u2019outils pour la gestion de votre laboratoire (<strong>Investissements<\/strong>, Co\u00fbts de revient, <strong>S\u00e9curit\u00e9<\/strong>\u2026)<\/p>\n<p>&#8211;<strong>Renforcement<\/strong> de vos <strong>\u00e9quipes<\/strong> ponctuellement sur des besoins divers<\/p>\n<p>Implant\u00e9e dans l\u2019ouest de la France, j\u2019accompagne les responsables de laboratoire, qualit\u00e9 et commerciaux des laboratoires d\u2019analyses et de contr\u00f4le qualit\u00e9 sur l\u2019ensemble de l\u2019hexagone.<\/p>\n<\/p>\n<\/div>\n<\/div>\n<\/div><\/div>\n\n\n\n<div class=\"wp-block-group alignwide\"><div class=\"wp-block-group__inner-container is-layout-flow wp-block-group-is-layout-flow\">\n<div class=\"wp-block-columns alignfull is-layout-flex wp-container-core-columns-is-layout-9d6595d7 wp-block-columns-is-layout-flex\">\n<div class=\"wp-block-column is-layout-flow wp-block-column-is-layout-flow\" style=\"flex-basis:70%\">\n<p>Aussi, mon envie de me former et de m&rsquo;informer m\u2019am\u00e8ne \u00e0 participer r\u00e9guli\u00e8rement \u00e0 des formations sur diff\u00e9rents th\u00e8mes&nbsp;: Techniques d\u2019audit, Exigences de la norme ISO\/IEC 17025, m\u00e9trologie\u2026, techniques analytiques, Lean Management, RSE (Responsabilit\u00e9 Soci\u00e9tale des Entreprises)&#8230;<\/p>\n<p>Depuis janvier 2022, je suis <strong>adh\u00e9rente au CFM<\/strong> (coll\u00e8ge Fran\u00e7ais de la m\u00e9trologie).<\/p>\n<\/div>\n\n\n\n<div class=\"wp-block-column is-layout-flow wp-block-column-is-layout-flow\" style=\"flex-basis:30%\"><div class=\"wp-block-image is-style-default\">\n<figure class=\"aligncenter size-medium\"><img loading=\"lazy\" decoding=\"async\" width=\"300\" height=\"225\" src=\"https:\/\/almconseil.fr\/wp-content\/uploads\/2025\/01\/Logo-Adherent-2025--300x225.png\" alt=\"\" class=\"wp-image-1600\" srcset=\"https:\/\/almconseil.fr\/wp-content\/uploads\/2025\/01\/Logo-Adherent-2025--300x225.png 300w, https:\/\/almconseil.fr\/wp-content\/uploads\/2025\/01\/Logo-Adherent-2025-.png 600w\" sizes=\"auto, (max-width: 300px) 100vw, 300px\" \/><\/figure>\n<\/div><\/div>\n<\/div>\n<\/div><\/div>\n\n\n\n<div class=\"wp-block-buttons is-layout-flex wp-block-buttons-is-layout-flex\">\n<div class=\"wp-block-button is-style-outline is-style-outline--1\"><a class=\"wp-block-button__link has-light-gray-color has-text-color wp-element-button\" href=\"http:\/\/almconv.cluster030.hosting.ovh.net\/index.php\/nos-prestations\/\">En savoir plus<\/a><\/div>\n<\/div>\n","protected":false},"excerpt":{"rendered":"<p>Consultante ind\u00e9pendante aupr\u00e8s des laboratoires d&rsquo;analyses agro-alimentaires Consultante de terrain et dipl\u00f4m\u00e9e de l\u2019Universit\u00e9 de Paris-Saclay (DESS Instrumentation et M\u00e9thodes D\u2019analyses Mol\u00e9culaires) , je vous guide et vous accompagne dans vos projets d\u2019optimisation de la performance de votre laboratoire. Les \u00e9tapes cl\u00e9s de mon parcours professionnel : Fondatrice et G\u00e9rante de la SARL ALM Conseil &hellip; <\/p>\n<p class=\"link-more\"><a href=\"https:\/\/almconseil.fr\/index.php\/votre-consultante\/\" class=\"more-link\">Continuer la lecture <span class=\"screen-reader-text\"> \u00ab\u00a0Votre consultante\u00a0\u00bb<\/span><\/a><\/p>\n","protected":false},"author":1,"featured_media":0,"parent":0,"menu_order":0,"comment_status":"closed","ping_status":"closed","template":"","meta":{"disable_featured_image":false,"footnotes":""},"class_list":["post-11","page","type-page","status-publish","hentry","entry"],"_links":{"self":[{"href":"https:\/\/almconseil.fr\/index.php\/wp-json\/wp\/v2\/pages\/11","targetHints":{"allow":["GET"]}}],"collection":[{"href":"https:\/\/almconseil.fr\/index.php\/wp-json\/wp\/v2\/pages"}],"about":[{"href":"https:\/\/almconseil.fr\/index.php\/wp-json\/wp\/v2\/types\/page"}],"author":[{"embeddable":true,"href":"https:\/\/almconseil.fr\/index.php\/wp-json\/wp\/v2\/users\/1"}],"replies":[{"embeddable":true,"href":"https:\/\/almconseil.fr\/index.php\/wp-json\/wp\/v2\/comments?post=11"}],"version-history":[{"count":113,"href":"https:\/\/almconseil.fr\/index.php\/wp-json\/wp\/v2\/pages\/11\/revisions"}],"predecessor-version":[{"id":1602,"href":"https:\/\/almconseil.fr\/index.php\/wp-json\/wp\/v2\/pages\/11\/revisions\/1602"}],"wp:attachment":[{"href":"https:\/\/almconseil.fr\/index.php\/wp-json\/wp\/v2\/media?parent=11"}],"curies":[{"name":"wp","href":"https:\/\/api.w.org\/{rel}","templated":true}]}}