{"id":10,"date":"2022-02-07T16:40:22","date_gmt":"2022-02-07T15:40:22","guid":{"rendered":"http:\/\/almconv.cluster030.hosting.ovh.net\/?page_id=10"},"modified":"2025-01-15T16:20:15","modified_gmt":"2025-01-15T15:20:15","slug":"page-d-accueil","status":"publish","type":"page","link":"https:\/\/almconseil.fr\/","title":{"rendered":"Page d&rsquo;accueil"},"content":{"rendered":"\n<div class=\"wp-block-group alignfull\"><div class=\"wp-block-group__inner-container is-layout-flow wp-block-group-is-layout-flow\">\n<h3 class=\"wp-block-heading alignfull has-text-align-center has-text-align-wide has-gigantic-font-size\" id=\"alm-c-a-a-votre-ecoute-pour-optimiser-securiser-rentabiliservotre-laboratoire-d-analyse\" style=\"line-height:1.1\">ALM Conseil &amp; Audit, \u00e0 votre \u00e9coute,<\/h3>\n\n\n\n<h3 class=\"wp-block-heading alignfull has-text-align-center has-text-align-wide has-gigantic-font-size\" id=\"alm-c-a-a-votre-ecoute-pour-optimiser-securiser-rentabiliservotre-laboratoire-d-analyse\" style=\"line-height:1.1\">pour optimiser, s\u00e9curiser &amp; rentabiliser<\/h3>\n\n\n\n<h3 class=\"wp-block-heading alignfull has-text-align-center has-text-align-wide has-gigantic-font-size\" id=\"alm-c-a-a-votre-ecoute-pour-optimiser-securiser-rentabiliservotre-laboratoire-d-analyse\" style=\"line-height:1.1\">votre laboratoire d&rsquo;analyse<\/h3>\n<\/div><\/div>\n\n\n\n<div class=\"wp-block-columns alignwide is-layout-flex wp-container-core-columns-is-layout-9d6595d7 wp-block-columns-is-layout-flex\">\n<div class=\"wp-block-column is-layout-flow wp-block-column-is-layout-flow\" style=\"flex-basis:25%\"><\/div>\n\n\n\n<div class=\"wp-block-column is-layout-flow wp-block-column-is-layout-flow\" style=\"flex-basis:50%\">\n<div class=\"wp-block-buttons alignfull is-content-justification-center is-layout-flex wp-container-core-buttons-is-layout-91b154b1 wp-block-buttons-is-layout-flex\">\n<div class=\"wp-block-button has-custom-font-size aligncenter is-style-outline has-normal-font-size is-style-outline--1\"><a class=\"wp-block-button__link has-light-gray-color has-text-color wp-element-button\" href=\"http:\/\/almconv.cluster030.hosting.ovh.net\/index.php\/nos-prestations\/\" style=\"border-radius:10px\">En savoir plus<\/a><\/div>\n<\/div>\n<\/div>\n\n\n\n<div class=\"wp-block-column is-layout-flow wp-block-column-is-layout-flow\" style=\"flex-basis:25%\"><\/div>\n<\/div>\n\n\n\n<div class=\"wp-block-group alignwide\"><div class=\"wp-block-group__inner-container is-layout-flow wp-block-group-is-layout-flow\">\n<div class=\"wp-block-columns alignwide is-layout-flex wp-container-core-columns-is-layout-9d6595d7 wp-block-columns-is-layout-flex\">\n<div class=\"wp-block-column is-vertically-aligned-top is-layout-flow wp-block-column-is-layout-flow\">\n<div class=\"wp-block-ideabox-counter\"><div class=\"ib-counter-container\" style=\"text-align:center\"><div class=\"ib-counter\" style=\"font-size:60px\"><span class=\"ib-counter-number\" data-from-value=\"0\" data-to-value=\"21\" data-delimiter=\"none\" data-duration=\"2000\">0<\/span><\/div><div class=\"ib-counter-title\" style=\"font-size:21px;color:#111\">ANN\u00c9ES D&rsquo;EXP\u00c9RIENCE<\/div><\/div><\/div>\n\n\n\n<div class=\"wp-block-group [\/bg_collapse]\"><div class=\"wp-block-group__inner-container is-layout-flow wp-block-group-is-layout-flow\">\n<div class=\"wp-block-group bg-en-savoir-plus\"><div class=\"wp-block-group__inner-container is-layout-flow wp-block-group-is-layout-flow\">\n<div class=\"bg-margin-for-link\"><input type='hidden' bg_collapse_expand='69e585ff9c6e67037567612' value='69e585ff9c6e67037567612'><input type='hidden' id='bg-show-more-text-69e585ff9c6e67037567612' value='En savoir plus'><input type='hidden' id='bg-show-less-text-69e585ff9c6e67037567612' value='R\u00e9duire'><a id='bg-showmore-action-69e585ff9c6e67037567612' class='bg-showmore-plg-link bg-arrow '  style=\" color:#4a4949;;\" href='#'>En savoir plus<\/a><div id='bg-showmore-hidden-69e585ff9c6e67037567612' >C\u2019est le nombre d\u2019<strong>ann\u00e9es d\u2019exp\u00e9rience<\/strong> et de responsabilit\u00e9s de votre consultante dans le d\u00e9veloppement et le management d\u2019un laboratoire d\u2019analyses agroalimentaires.<\/div><\/div>\n<\/div><\/div>\n<\/div><\/div>\n<\/div>\n\n\n\n<div class=\"wp-block-column is-layout-flow wp-block-column-is-layout-flow\">\n<div class=\"wp-block-ideabox-counter\"><div class=\"ib-counter-container\" style=\"text-align:center\"><div class=\"ib-counter\" style=\"font-size:60px\"><span class=\"ib-counter-number-prefix\">+<\/span><span class=\"ib-counter-number\" data-from-value=\"0\" data-to-value=\"70\" data-delimiter=\"none\" data-duration=\"2000\">0<\/span><\/div><div class=\"ib-counter-title\" style=\"font-size:21px;color:#111\">JOURN\u00c9ES D&rsquo;AUDIT<\/div><\/div><\/div>\n\n\n\n<div class=\"wp-block-group bg-en-savoir-plus\"><div class=\"wp-block-group__inner-container is-layout-flow wp-block-group-is-layout-flow\">\n<div class=\"bg-margin-for-link\"><input type='hidden' bg_collapse_expand='69e585ff9c70d8099249119' value='69e585ff9c70d8099249119'><input type='hidden' id='bg-show-more-text-69e585ff9c70d8099249119' value='En savoir plus'><input type='hidden' id='bg-show-less-text-69e585ff9c70d8099249119' value='R\u00e9duire'><a id='bg-showmore-action-69e585ff9c70d8099249119' class='bg-showmore-plg-link bg-arrow '  style=\" color:#4a4949;;\" href='#'>En savoir plus<\/a><div id='bg-showmore-hidden-69e585ff9c70d8099249119' >Autant de <strong>journ\u00e9es d\u2019audit<\/strong> internes r\u00e9alis\u00e9s en laboratoires accr\u00e9dit\u00e9s selon la norme ISO\/IEC 17025 : audits internes techniques (analyses physico-chimiques des vins, des cidres, des bi\u00e8res, des boissons spiritueuses, des contaminants, des allerg\u00e8nes\u2026) et audits du syst\u00e8me de management selon les exigences de la norme ISO\/IEC 17025, les documents opposables du COFRAC et les normes dans les domaines techniques<\/div><\/div>\n<\/div><\/div>\n<\/div>\n\n\n\n<div class=\"wp-block-column is-layout-flow wp-block-column-is-layout-flow\">\n<div class=\"wp-block-ideabox-counter\"><div class=\"ib-counter-container\" style=\"text-align:center\"><div class=\"ib-counter\" style=\"font-size:60px\"><span class=\"ib-counter-number-prefix\">+<\/span><span class=\"ib-counter-number\" data-from-value=\"0\" data-to-value=\"45\" data-delimiter=\"none\" data-duration=\"2000\">0<\/span><\/div><div class=\"ib-counter-title\" style=\"font-size:21px;color:#111\">STAGIAIRES FORMES PAR ALM<\/div><\/div><\/div>\n\n\n\n<div class=\"wp-block-group bg-en-savoir-plus\"><div class=\"wp-block-group__inner-container is-layout-flow wp-block-group-is-layout-flow\">\n<div class=\"bg-margin-for-link\"><input type='hidden' bg_collapse_expand='69e585ff9c71f3089527296' value='69e585ff9c71f3089527296'><input type='hidden' id='bg-show-more-text-69e585ff9c71f3089527296' value='En savoir plus'><input type='hidden' id='bg-show-less-text-69e585ff9c71f3089527296' value='R\u00e9duire'><a id='bg-showmore-action-69e585ff9c71f3089527296' class='bg-showmore-plg-link bg-arrow '  style=\" color:#4a4949;;\" href='#'>En savoir plus<\/a><div id='bg-showmore-hidden-69e585ff9c71f3089527296' >Depuis la cr\u00e9ation d&rsquo;ALM Formations, plus de <strong>45<\/strong> <strong> stagiaires ont b\u00e9n\u00e9fici\u00e9 d&rsquo;une formation anim\u00e9e par Anne-Lise <\/strong>dans le cadre du maintien et du d\u00e9veloppement des comp\u00e9tences pour r\u00e9pondre \u00e0 leurs probl\u00e9matiques en toute s\u00e9r\u00e9nit\u00e9<\/div><\/div>\n<\/div><\/div>\n<\/div>\n<\/div>\n<\/div><\/div>\n\n\n\n<style>\r\n\r\n#wpsm_counter_b_row_819 .wpsm_counterbox\r\n{\r\n\ttext-align:center;\r\n\tmargin-top:50px;\r\n\tmargin-bottom:50px;\r\n}\r\n#wpsm_counter_b_row_819 .wpsm_counterbox .wpsm_count-icon{\r\n\tdisplay:block;\r\n\tmargin-top:20px;\r\n\tpadding-top:0px;\r\n\tpadding-bottom:0px;\r\n\tmargin-bottom:0px;\r\n\tmargin:0 auto;\r\n}\r\n#wpsm_counter_b_row_819 .wpsm_counterbox .wpsm_count-icon i{\r\n\tfont-size:20px;\r\n\tcolor:#000000;\r\n}\r\n#wpsm_counter_b_row_819 .wpsm_counterbox .wpsm_number{\r\n\tfont-size:18px;\r\n\tfont-weight:400;\r\n\tcolor:#000000;\r\n\tfont-family:'Open Sans';\r\n\tletter-spacing:2px;\r\n\tmargin-top:20px;\r\n\tline-height: 1.3em;\r\n\tpadding-top:0px;\r\n\tpadding-bottom:0px;\r\n\tmargin-bottom:0px;\r\n}\r\n#wpsm_counter_b_row_819 .wpsm_counterbox .wpsm_count-title{\r\n    font-size:18px;\r\n\tfont-weight:bolder;\r\n\tfont-family:'Open Sans';\r\n\tletter-spacing:2px;\r\n    color: #000000;\r\n\tfont-weight:400;\r\n\tmargin-top:20px;\r\n\tpadding-top:0px;\r\n\tpadding-bottom:0px;\r\n\tmargin-bottom:0px;\r\n\tline-height: 1.3em;\r\n}\r\n\r\n<\/style> \r\n\t\t \r\n\t\t\r\n\t\t<style>\r\n\t\t#wpsm_counter_b_row_819\t\t\t{\r\n\t\t\t\t\r\n\t\t\t\tposition:relative;\r\n\t\t\t\twidth:100%;\r\n\t\t\t\toverflow:hidden;\r\n\t\t\t\ttext-align:center;\r\n\t\t\t}\r\n\t\t\t \r\n\t\t\t#wpsm_counter_b_row_819 .wpsm_row{\r\n\t\t\toverflow:hidden;\r\n\t\t\tdisplay:block;\r\n\t\t\twidth:100%;\r\n\t\t\t} \r\n\t\t\t \r\n\t\t\t#wpsm_counter_b_row_819 .wpsm_row{\r\n\t\t\toverflow:visible;\r\n\t\t\t} \r\n\t\t\t \r\n\t\t\t#wpsm_counter_b_row_819 .wpsm_counterbox .wpsm_count-title{\r\n\t\t\tmin-height:56px;\r\n\t\t\t}}\r\n\t\t\t \r\n\t\t<\/style>\r\n\t\t\r\n\t\t<div class=\"wpsm_counter_b_row\" id=\"wpsm_counter_b_row_819\">\r\n\t\t\t<div>\r\n\t\t\t\t<div class=\"wpsm_row\">\r\n\t\t\r\n\t\t\t\t\r\n\t\t\t<\/div>\t\t\t\t<\/div>\r\n\t\t<\/div>\r\n\t\t\r\n\t\n\n\n\n<div style=\"height:50px\" aria-hidden=\"true\" class=\"wp-block-spacer\"><\/div>\n\n\n\n<hr class=\"wp-block-separator has-css-opacity is-style-wide\"\/>\n\n\n\n<div class=\"wp-block-buttons is-layout-flex wp-block-buttons-is-layout-flex\"><\/div>\n\n\n\n<h3 class=\"wp-block-heading\" id=\"votre-consultante\">Votre consultante<\/h3>\n\n\n\n<div class=\"wp-block-group alignwide\"><div class=\"wp-block-group__inner-container is-layout-flow wp-block-group-is-layout-flow\">\n<div class=\"wp-block-columns alignfull is-layout-flex wp-container-core-columns-is-layout-9d6595d7 wp-block-columns-is-layout-flex\">\n<div class=\"wp-block-column is-layout-flow wp-block-column-is-layout-flow\" style=\"flex-basis:33.33%\"><div class=\"wp-block-image is-style-rounded\">\n<figure class=\"aligncenter size-full is-resized\"><img loading=\"lazy\" decoding=\"async\" width=\"500\" height=\"500\" src=\"http:\/\/almconv.cluster030.hosting.ovh.net\/wp-content\/uploads\/2022\/02\/Anne-Lise-photo-profil.jpg\" alt=\"\" class=\"wp-image-57\" style=\"width:375px;height:375px\" srcset=\"https:\/\/almconseil.fr\/wp-content\/uploads\/2022\/02\/Anne-Lise-photo-profil.jpg 500w, https:\/\/almconseil.fr\/wp-content\/uploads\/2022\/02\/Anne-Lise-photo-profil-300x300.jpg 300w, https:\/\/almconseil.fr\/wp-content\/uploads\/2022\/02\/Anne-Lise-photo-profil-150x150.jpg 150w\" sizes=\"auto, (max-width: 500px) 100vw, 500px\" \/><figcaption class=\"wp-element-caption\">Anne-Lise Arriau-Maillet<\/figcaption><\/figure>\n<\/div><\/div>\n\n\n\n<div class=\"wp-block-column is-layout-flow wp-block-column-is-layout-flow\" style=\"flex-basis:66.66%\">\n<p>Je suis Anne-Lise Arriau-Maillet. <strong>Communiquer<\/strong>, organiser, <strong>g\u00e9rer<\/strong>, manager, superviser, <strong>d\u00e9velopper<\/strong> sont les comp\u00e9tences que j&rsquo;ai pu exploiter durant mes <strong>16 ann\u00e9es d&rsquo;exp\u00e9rience<\/strong> dans la <strong>gestion<\/strong> de laboratoire d&rsquo;<strong>analyses agro-alimentaires<\/strong>.<\/p>\n<p>Aujourd\u2019hui, j\u2019offre des solutions pour optimiser la gestion de votre laboratoire d&rsquo;analyse (<strong>optimisation<\/strong> des flux, des co\u00fbts, investissements&#8230;), la gestion de la <strong>qualit\u00e9<\/strong> ( <strong>audits<\/strong> du SMQ, techniques et m\u00e9trologie selon les exigences de la Norme <strong>ISO\/IEC 17025<\/strong>) et pour le <strong>d\u00e9veloppement<\/strong> de votre <strong>offre<\/strong>.<\/p>\n<p>Je mets \u00e0 votre disposition mon <strong>expertise technique<\/strong> et mon r\u00e9seau professionnel pour une <strong>collaboration efficace<\/strong>.<\/p>\n<p>Vous \u00eates un laboratoires d\u2019analyses agroalimentaires et vous n\u2019avez qu\u2019un seul <strong>objectif&nbsp;<\/strong>: Fournir des <strong>prestations de qualit\u00e9<\/strong> adapt\u00e9es aux <strong>besoins<\/strong> de vos <strong>clients<\/strong>.<\/p>\n<p>Nous vous accompagnons dans les projets de d\u00e9veloppement et de gestion de la Qualit\u00e9 de votre laboratoire<\/p>\n\n\n\n<div style=\"height:30px\" aria-hidden=\"true\" class=\"wp-block-spacer\"><\/div>\n\n\n\n<div class=\"wp-block-buttons alignfull is-layout-flex wp-block-buttons-is-layout-flex\">\n<div class=\"wp-block-button is-style-outline is-style-outline--3\"><a class=\"wp-block-button__link has-light-gray-color has-text-color wp-element-button\" href=\"\/index.php\/votre-consultante\/\">En savoir plus<\/a><\/div>\n<\/div>\n<\/div>\n<\/div>\n<\/div><\/div>\n\n\n\n<hr class=\"wp-block-separator has-css-opacity is-style-wide\"\/>\n\n\n\n<h3 class=\"wp-block-heading\" id=\"temoignages\">T\u00e9moignages<\/h3>\n\n\n\n<div class=\"wp-block-group alignwide\"><div class=\"wp-block-group__inner-container is-layout-flow wp-block-group-is-layout-flow\">\n<div class=\"wp-block-columns alignwide is-layout-flex wp-container-core-columns-is-layout-9d6595d7 wp-block-columns-is-layout-flex\">\n<div class=\"wp-block-column is-vertically-aligned-center is-layout-flow wp-block-column-is-layout-flow\" style=\"flex-basis:33%\"><div class=\"wp-block-image is-style-rounded\">\n<figure class=\"aligncenter size-full\"><img loading=\"lazy\" decoding=\"async\" width=\"400\" height=\"400\" src=\"https:\/\/almconseil.fr\/wp-content\/uploads\/2022\/07\/icones-images-site-internet-temoignage-1-cropped.jpg\" alt=\"\" class=\"wp-image-1516\" srcset=\"https:\/\/almconseil.fr\/wp-content\/uploads\/2022\/07\/icones-images-site-internet-temoignage-1-cropped.jpg 400w, https:\/\/almconseil.fr\/wp-content\/uploads\/2022\/07\/icones-images-site-internet-temoignage-1-cropped-300x300.jpg 300w, https:\/\/almconseil.fr\/wp-content\/uploads\/2022\/07\/icones-images-site-internet-temoignage-1-cropped-150x150.jpg 150w\" sizes=\"auto, (max-width: 400px) 100vw, 400px\" \/><\/figure>\n<\/div><\/div>\n\n\n\n<div class=\"wp-block-column is-vertically-aligned-center is-layout-flow wp-block-column-is-layout-flow\" style=\"flex-basis:66%\">\n<div id=\"FORMATIONS\" class=\"wp-block-group\"><div class=\"wp-block-group__inner-container is-layout-flow wp-block-group-is-layout-flow\">\n<div class=\"wp-block-group\"><div class=\"wp-block-group__inner-container is-layout-flow wp-block-group-is-layout-flow\"><\/div><\/div>\n\n\n\n<p><em>\u00ab&nbsp;L\u2019audit s\u2019est tr\u00e8s bien d\u00e9roul\u00e9, Anne-Lise est tr\u00e8s p\u00e9dagogue&nbsp;\u00bb, Ana\u00efs<\/em><\/p>\n<p><em>\u00ab&nbsp;L\u2019auditrice s\u2019est montr\u00e9e agr\u00e9able, comp\u00e9tente sur les sujets abord\u00e9s, \u00e9tait \u00e0 l\u2019\u00e9coute et \u00e0 l\u2019aise avec sur les points audit\u00e9s&nbsp;\u00bb Nicolas <\/em><\/p>\n<p><em>\u00ab&nbsp;Audit r\u00e9alis\u00e9 extr\u00eamement complet. Bonne mise en \u00e9vidence des points \u00e0 retravailler&nbsp;\u00bb Evelyne <\/em><\/p>\n<p><em>\u00ab&nbsp;Formation audit interne + ISO 17025 : Cette formation a r\u00e9pondu \u00e0 mes attentes, support bien fait, tr\u00e8s p\u00e9dagogique, avec des exemples concrets&nbsp;\u00bb Sophie <\/em><\/p>\n<\/div><\/div>\n<\/div>\n<\/div>\n<\/div><\/div>\n\n\n\n<hr class=\"wp-block-separator has-css-opacity is-style-wide\"\/>\n\n\n\n<h3 class=\"wp-block-heading\" id=\"reseaux-sociaux\">R\u00e9seaux sociaux<\/h3>\n\n\n\n<div style=\"height:1px\" aria-hidden=\"true\" class=\"wp-block-spacer\"><\/div>\n\n\n\n<div class=\"wp-block-columns alignwide is-layout-flex wp-container-core-columns-is-layout-9d6595d7 wp-block-columns-is-layout-flex\">\n<div class=\"wp-block-column is-layout-flow wp-block-column-is-layout-flow\" style=\"flex-basis:15%\">\n<div class=\"wp-block-wpzoom-blocks-social-icons is-style-with-canvas-round\" style=\"--wpz-social-icons-block-item-font-size:52px;--wpz-social-icons-block-item-padding-horizontal:10px;--wpz-social-icons-block-item-padding-vertical:10px;--wpz-social-icons-block-item-margin-horizontal:5px;--wpz-social-icons-block-item-margin-vertical:5px;--wpz-social-icons-block-item-border-radius:55px;--wpz-social-icons-block-label-font-size:20px;--wpz-social-icons-block-label-color:#2e3131;--wpz-social-icons-block-label-color-hover:#2e3131;--wpz-social-icons-alignment:flex-start\"><a href=\"https:\/\/www.linkedin.com\/company\/alm-conseil-audit\/\" class=\"social-icon-link\" target=\"_blank\" rel=\"noopener noreferrer\" style=\"--wpz-social-icons-block-item-color:#0077B5;--wpz-social-icons-block-item-color-hover:#0077B5\"><span class=\"social-icon socicon socicon-linkedin\"><\/span><\/a><\/div>\n<\/div>\n\n\n\n<div class=\"wp-block-column is-layout-flow wp-block-column-is-layout-flow\" style=\"flex-basis:85%\">\n<p>Retrouvez-nous sur Linkedin &nbsp;pour des actualit\u00e9s dans le secteur du laboratoire, sur les techniques analytiques, sur la qualit\u00e9 (norme ISO\/IEC 17025), sur la m\u00e9trologie, pour le suivi de notre veille documentaire et r\u00e9glementaire\u2026<\/p>\n<\/div>\n<\/div>\n\n\n\n<hr class=\"wp-block-separator has-css-opacity is-style-wide\"\/>\n\n\n\n<h3 class=\"wp-block-heading\" id=\"apercu-des-dernieres-actualites\">Aper\u00e7u des derni\u00e8res actualit\u00e9s<\/h3>\n\n\n\t\t<div class=\"wppsac-wrap wppsac-slick-carousel-wrp wppsac-clearfix \" data-conf=\"{&quot;slides_to_show&quot;:3,&quot;slides_to_scroll&quot;:1,&quot;dots&quot;:&quot;true&quot;,&quot;arrows&quot;:&quot;true&quot;,&quot;autoplay&quot;:&quot;true&quot;,&quot;autoplay_interval&quot;:3000,&quot;speed&quot;:500,&quot;rtl&quot;:&quot;false&quot;,&quot;lazyload&quot;:&quot;&quot;}\">\r\n\t\t\t<div id=\"wppsac-post-carousel-1\" class=\"wppsac-post-slider-init wppsac-post-carousel design-1\">\r\n\t\t\t\t<div class=\"wppsac-carousel-slides\">\r\n\t\t<div class=\"wppsac-post-image-bg\">\r\n\t\t<a href=\"https:\/\/almconseil.fr\/index.php\/2022\/12\/29\/offres-abonnement-alm\/\">\r\n\t\t\t<img decoding=\"async\" class=\"wppsac-post-image\"  src=\"https:\/\/almconseil.fr\/wp-content\/uploads\/2022\/01\/Article-Presentation-prestations-Photo.png\" alt=\"Offres Abonnement ALM\" \/>\r\n\t\t<\/a>\r\n\t<\/div>\r\n\t\r\n\t<div class=\"wppsac-post-content-position\">\r\n\t\t\t\t<div class=\"wppsac-post-categories\"><ul class=\"wppsac-post-categories-list\"><li><a href=\"https:\/\/almconseil.fr\/index.php\/category\/actualites\/\">Actualit\u00e9s<\/a><\/li><\/ul><\/div>\r\n\t\t\r\n\t\t<h2 class=\"wppsac-post-title\">\r\n\t\t\t<a href=\"https:\/\/almconseil.fr\/index.php\/2022\/12\/29\/offres-abonnement-alm\/\">Offres Abonnement ALM<\/a>\r\n\t\t<\/h2>\r\n\r\n\t\t\t\t<div class=\"wppsac-post-date\">\r\n\t\t\t\t\t\t<span>By ALM<\/span>\r\n\t\t\t \/ 29 d\u00e9cembre 2022\t\t<\/div>\r\n\t\t\t\t<div class=\"wppsac-post-content\">\r\n\t\t\t<div class=\"wppsac-sub-content\">Lundi 24 Janvier 2022 Les Offres d&rsquo;abonnement \u00ab\u00a0Accompagnement\u00a0\u00bb Sous la forme d\u2019un abonnement annuel, b\u00e9n\u00e9ficiez d\u2019un accompagnement personnalis\u00e9 et disposez&#8230;<\/div>\r\n\r\n\t\t\t\t\t\t<a class=\"wppsac-readmorebtn\" href=\"https:\/\/almconseil.fr\/index.php\/2022\/12\/29\/offres-abonnement-alm\/\">Read More<\/a>\r\n\t\t\t\t\t<\/div>\r\n\t\t\t<\/div>\r\n<\/div><div class=\"wppsac-carousel-slides\">\r\n\t\t<div class=\"wppsac-post-image-bg\">\r\n\t\t<a href=\"https:\/\/almconseil.fr\/index.php\/2022\/01\/31\/adherent-2022-du-cfm\/\">\r\n\t\t\t<img decoding=\"async\" class=\"wppsac-post-image\"  src=\"https:\/\/almconseil.fr\/wp-content\/uploads\/2022\/02\/Article-Adhesion-CFM-Photo.jpg\" alt=\"Adh\u00e9rent 2022 du CFM\" \/>\r\n\t\t<\/a>\r\n\t<\/div>\r\n\t\r\n\t<div class=\"wppsac-post-content-position\">\r\n\t\t\t\t<div class=\"wppsac-post-categories\"><ul class=\"wppsac-post-categories-list\"><li><a href=\"https:\/\/almconseil.fr\/index.php\/category\/actualites\/\">Actualit\u00e9s<\/a><\/li><\/ul><\/div>\r\n\t\t\r\n\t\t<h2 class=\"wppsac-post-title\">\r\n\t\t\t<a href=\"https:\/\/almconseil.fr\/index.php\/2022\/01\/31\/adherent-2022-du-cfm\/\">Adh\u00e9rent 2022 du CFM<\/a>\r\n\t\t<\/h2>\r\n\r\n\t\t\t\t<div class=\"wppsac-post-date\">\r\n\t\t\t\t\t\t<span>By ALM<\/span>\r\n\t\t\t \/ 31 janvier 2022\t\t<\/div>\r\n\t\t\t\t<div class=\"wppsac-post-content\">\r\n\t\t\t<div class=\"wppsac-sub-content\">Lundi 31 Janvier 2022 Adh\u00e9rent 2022 du CFM (Coll\u00e8ge Fran\u00e7ais de M\u00e9trologie) \ud83d\udce2 Depuis le d\u00e9but de l\u2019ann\u00e9e 2022, ALM&#8230;<\/div>\r\n\r\n\t\t\t\t\t\t<a class=\"wppsac-readmorebtn\" href=\"https:\/\/almconseil.fr\/index.php\/2022\/01\/31\/adherent-2022-du-cfm\/\">Read More<\/a>\r\n\t\t\t\t\t<\/div>\r\n\t\t\t<\/div>\r\n<\/div><div class=\"wppsac-carousel-slides\">\r\n\t\t<div class=\"wppsac-post-image-bg\">\r\n\t\t<a href=\"https:\/\/almconseil.fr\/index.php\/2022\/01\/24\/presentation-des-prestations\/\">\r\n\t\t\t<img decoding=\"async\" class=\"wppsac-post-image\"  src=\"https:\/\/almconseil.fr\/wp-content\/uploads\/2022\/01\/Article-Presentation-prestations-Photo.png\" alt=\"Pr\u00e9sentation des prestations\" \/>\r\n\t\t<\/a>\r\n\t<\/div>\r\n\t\r\n\t<div class=\"wppsac-post-content-position\">\r\n\t\t\t\t<div class=\"wppsac-post-categories\"><ul class=\"wppsac-post-categories-list\"><li><a href=\"https:\/\/almconseil.fr\/index.php\/category\/actualites\/\">Actualit\u00e9s<\/a><\/li><\/ul><\/div>\r\n\t\t\r\n\t\t<h2 class=\"wppsac-post-title\">\r\n\t\t\t<a href=\"https:\/\/almconseil.fr\/index.php\/2022\/01\/24\/presentation-des-prestations\/\">Pr\u00e9sentation des prestations<\/a>\r\n\t\t<\/h2>\r\n\r\n\t\t\t\t<div class=\"wppsac-post-date\">\r\n\t\t\t\t\t\t<span>By ALM<\/span>\r\n\t\t\t \/ 24 janvier 2022\t\t<\/div>\r\n\t\t\t\t<div class=\"wppsac-post-content\">\r\n\t\t\t<div class=\"wppsac-sub-content\">Lundi 24 Janvier 2022 Pr\u00e9sentation des prestations \ud83d\udca1Utiliser un prestataire externe pour votre strat\u00e9gie de d\u00e9veloppement, qualit\u00e9\u2026, quels avantages&nbsp;?\ud83e\udd37\u200d\u2642\ufe0f \ud83d\udcb0Combien&#8230;<\/div>\r\n\r\n\t\t\t\t\t\t<a class=\"wppsac-readmorebtn\" href=\"https:\/\/almconseil.fr\/index.php\/2022\/01\/24\/presentation-des-prestations\/\">Read More<\/a>\r\n\t\t\t\t\t<\/div>\r\n\t\t\t<\/div>\r\n<\/div>\t\t\t<\/div>\r\n\t\t<\/div>\r\n\t\n\n\n<div class=\"wp-block-buttons is-layout-flex wp-block-buttons-is-layout-flex\">\n<div class=\"wp-block-button is-style-outline is-style-outline--4\"><a class=\"wp-block-button__link has-light-gray-color has-text-color wp-element-button\" href=\"\/index.php\/actualites\/\">Plus d&rsquo;actualit\u00e9s<\/a><\/div>\n<\/div>\n\n\n\n<p><\/p>\n","protected":false},"excerpt":{"rendered":"<p>ALM Conseil &amp; Audit, \u00e0 votre \u00e9coute, pour optimiser, s\u00e9curiser &amp; rentabiliser votre laboratoire d&rsquo;analyse Votre consultante Je suis Anne-Lise Arriau-Maillet. Communiquer, organiser, g\u00e9rer, manager, superviser, d\u00e9velopper sont les comp\u00e9tences que j&rsquo;ai pu exploiter durant mes 16 ann\u00e9es d&rsquo;exp\u00e9rience dans la gestion de laboratoire d&rsquo;analyses agro-alimentaires. Aujourd\u2019hui, j\u2019offre des solutions pour optimiser la gestion de &hellip; <\/p>\n<p class=\"link-more\"><a href=\"https:\/\/almconseil.fr\/?p=819\" class=\"more-link\">Continuer la lecture <span class=\"screen-reader-text\"> \u00ab\u00a0ALM-Chiffres-cles-compteur\u00a0\u00bb<\/span><\/a><\/p>\n","protected":false},"author":1,"featured_media":0,"parent":0,"menu_order":0,"comment_status":"closed","ping_status":"closed","template":"","meta":{"disable_featured_image":false,"footnotes":""},"class_list":["post-10","page","type-page","status-publish","hentry","entry"],"_links":{"self":[{"href":"https:\/\/almconseil.fr\/index.php\/wp-json\/wp\/v2\/pages\/10","targetHints":{"allow":["GET"]}}],"collection":[{"href":"https:\/\/almconseil.fr\/index.php\/wp-json\/wp\/v2\/pages"}],"about":[{"href":"https:\/\/almconseil.fr\/index.php\/wp-json\/wp\/v2\/types\/page"}],"author":[{"embeddable":true,"href":"https:\/\/almconseil.fr\/index.php\/wp-json\/wp\/v2\/users\/1"}],"replies":[{"embeddable":true,"href":"https:\/\/almconseil.fr\/index.php\/wp-json\/wp\/v2\/comments?post=10"}],"version-history":[{"count":187,"href":"https:\/\/almconseil.fr\/index.php\/wp-json\/wp\/v2\/pages\/10\/revisions"}],"predecessor-version":[{"id":1604,"href":"https:\/\/almconseil.fr\/index.php\/wp-json\/wp\/v2\/pages\/10\/revisions\/1604"}],"wp:attachment":[{"href":"https:\/\/almconseil.fr\/index.php\/wp-json\/wp\/v2\/media?parent=10"}],"curies":[{"name":"wp","href":"https:\/\/api.w.org\/{rel}","templated":true}]}}